{"id":14428,"date":"2022-11-24T18:43:24","date_gmt":"2022-11-24T16:43:24","guid":{"rendered":"https:\/\/vs-st-kanzian.ksn.at\/?page_id=14428"},"modified":"2026-04-16T17:21:06","modified_gmt":"2026-04-16T15:21:06","slug":"beispiel-seite-2-2-3-2","status":"publish","type":"page","link":"https:\/\/vs-st-kanzian.ksn.at\/","title":{"rendered":"Startseite"},"content":{"rendered":"<p style=\"text-align: center;\"><span style=\"font-size: 14pt; font-family: helvetica, arial, sans-serif;\">\n<table id=\"tablepress-48\" class=\"tablepress tablepress-id-48\">\n<tbody>\n<tr class=\"row-1\">\n\t<td class=\"column-1\"><\/a><img loading=\"lazy\" decoding=\"async\" src=\"https:\/\/vs-st-kanzian.ksn.at\/wp-content\/uploads\/2019\/05\/GesundheitmachtSchule-e1669317338898.jpg\" alt=\"\" width=\"150\" height=\"150\" class=\"alignnone size-full wp-image-10492\" \/><br \/>\n<a href=\"https:\/\/vs-st-kanzian.ksn.at\/?page_id=488\" rel=\"noopener\" target=\"_blank\">Gesundheit macht Schule  <br \/>\n<\/a><\/td><td class=\"column-2\"><img loading=\"lazy\" decoding=\"async\" src=\"https:\/\/vs-st-kanzian.ksn.at\/wp-content\/uploads\/2026\/01\/2015Motorikpark03-287x215-1-150x150.jpg\" alt=\"\" width=\"150\" height=\"150\" class=\"alignnone size-thumbnail wp-image-19667\" \/><br \/>\n<a href=\"https:\/\/vs-st-kanzian.ksn.at\/?page_id=3003\" target=\"_blank\">Motorikpark<\/a><\/td><td class=\"column-3\"><img loading=\"lazy\" decoding=\"async\" src=\"https:\/\/vs-st-kanzian.ksn.at\/wp-content\/uploads\/2026\/04\/Beitragsbild.jpg\" alt=\"\" width=\"150\" height=\"150\" class=\"alignnone size-full wp-image-19986\" \/><br \/>\n<a href=\"https:\/\/vs-st-kanzian.ksn.at\/?page_id=19991&amp;preview=true\" target=\"_blank\">Bildungszentrum<\/a><\/td>\n<\/tr>\n<\/tbody>\n<\/table>\n<!-- #tablepress-48 from cache --><\/span><\/p>\n<p style=\"text-align: center;\"><span style=\"font-size: 14pt; font-family: helvetica, arial, sans-serif;\"><strong>AKTIVIT\u00c4TEN &amp; PROJEKTE im Schuljahr 2025\/26<\/strong><br \/>\n\n<table id=\"tablepress-68\" class=\"tablepress tablepress-id-68\">\n<tbody class=\"row-hover\">\n<tr class=\"row-1\">\n\t<td class=\"column-1\"><img loading=\"lazy\" decoding=\"async\" src=\"https:\/\/vs-st-kanzian.ksn.at\/wp-content\/uploads\/2026\/04\/Landesjugendsingen.jpg\" alt=\"\" width=\"150\" height=\"150\" class=\"alignnone size-full wp-image-20010\" \/><br \/>\n<a href=\"https:\/\/vs-st-kanzian.ksn.at\/?p=19970\" target=\"_blank\">Landesjugendsingen 2026 \/ De\u017eelno mladinsko petje 2026<\/a><\/td><td class=\"column-2\"><img loading=\"lazy\" decoding=\"async\" src=\"https:\/\/vs-st-kanzian.ksn.at\/wp-content\/uploads\/2026\/04\/Gemeindeamt-3b.jpg\" alt=\"\" width=\"150\" height=\"150\" class=\"alignnone size-full wp-image-19951\" \/><br \/>\n<a href=\"https:\/\/vs-st-kanzian.ksn.at\/?p=19933\" target=\"_blank\">Besuch auf dem Gemeindeamt 3b<\/a><\/td>\n<\/tr>\n<tr class=\"row-2\">\n\t<td class=\"column-1\"><img loading=\"lazy\" decoding=\"async\" src=\"https:\/\/vs-st-kanzian.ksn.at\/wp-content\/uploads\/2026\/04\/Flurreinigung-2026.jpg\" alt=\"\" width=\"150\" height=\"150\" class=\"alignnone size-full wp-image-19939\" \/><br \/>\n<a href=\"https:\/\/vs-st-kanzian.ksn.at\/?p=19917\" target=\"_blank\">Flurreinigung 2026 \/ \u010ci\u0161\u010denja okolja 2026<\/a><\/td><td class=\"column-2\"><img loading=\"lazy\" decoding=\"async\" src=\"https:\/\/vs-st-kanzian.ksn.at\/wp-content\/uploads\/2026\/04\/Der-Weg-eines-Briefes-2a.jpg\" alt=\"\" width=\"150\" height=\"150\" class=\"alignnone size-full wp-image-19929\" \/><br \/>\n<a href=\"https:\/\/vs-st-kanzian.ksn.at\/?p=19919\" target=\"_blank\">Der Weg eines Briefes \/ Pot pisma 2a<\/a><\/td>\n<\/tr>\n<\/tbody>\n<\/table>\n<!-- #tablepress-68 from cache --><\/span><\/p>\n<p style=\"text-align: left;\"><span style=\"font-size: 14pt; font-family: helvetica, arial, sans-serif;\"><a href=\"https:\/\/vs-st-kanzian.ksn.at\/?page_id=18597\" target=\"_blank\" rel=\"noopener\"><strong>HIER<\/strong><\/a> findest du alle Beitr\u00e4ge!<\/span><\/p>\n<p>&nbsp;<\/p>\n<p style=\"text-align: center;\"><span style=\"font-size: 14pt; font-family: helvetica, arial, sans-serif;\"><strong>AKTUELLE SEITEN<\/strong><\/span><br \/>\n<span style=\"font-size: 14pt; font-family: helvetica, arial, sans-serif;\">\n<table id=\"tablepress-77\" class=\"tablepress tablepress-id-77\">\n<tbody class=\"row-striping row-hover\">\n<tr class=\"row-1\">\n\t<td class=\"column-1\"><a href=\"https:\/\/vs-st-kanzian.ksn.at\/?page_id=2753\" target=\"_blank\">FR\u00dcHLING, NATUR und UMWELT<\/a><\/td><td class=\"column-2\"><\/td>\n<\/tr>\n<tr class=\"row-2\">\n\t<td class=\"column-1\"><a href=\"https:\/\/vs-st-kanzian.ksn.at\/?page_id=361\" target=\"_blank\">SICHERHEIT<\/a> \ud83d\udca1 <a href=\"https:\/\/www.schule.at\/unterrichtsportale\/konflikt-in-der-ukraine\" target=\"_blank\">KRIEG IN DER UKRAINE<\/a><\/td><td class=\"column-2\"><a href=\"https:\/\/www.tipptrainer-fuer-kinder.de\/\" target=\"_blank\">TIPPTRAINER<\/a> \ud83d\udca1 <a href=\"http:\/\/mALS\u00c4TZCHEN ONLINE \u00dcBEN\" target=\"_blank\"><a href=\"https:\/\/vs-material.wegerer.at\/webs\/malreihen\/\" target=\"_blank\">MALS\u00c4TZCHEN<\/a><\/a><\/td>\n<\/tr>\n<tr class=\"row-3\">\n\t<td class=\"column-1\"><\/td><td class=\"column-2\"><\/td>\n<\/tr>\n<\/tbody>\n<\/table>\n<\/span><\/p>\n","protected":false},"excerpt":{"rendered":"<p>AKTIVIT\u00c4TEN &amp; PROJEKTE im Schuljahr 2025\/26 HIER findest du alle Beitr\u00e4ge! &nbsp; AKTUELLE SEITEN<\/p>\n","protected":false},"author":1,"featured_media":0,"parent":0,"menu_order":0,"comment_status":"closed","ping_status":"closed","template":"","meta":{"footnotes":""},"class_list":["post-14428","page","type-page","status-publish","hentry"],"_links":{"self":[{"href":"https:\/\/vs-st-kanzian.ksn.at\/index.php?rest_route=\/wp\/v2\/pages\/14428","targetHints":{"allow":["GET"]}}],"collection":[{"href":"https:\/\/vs-st-kanzian.ksn.at\/index.php?rest_route=\/wp\/v2\/pages"}],"about":[{"href":"https:\/\/vs-st-kanzian.ksn.at\/index.php?rest_route=\/wp\/v2\/types\/page"}],"author":[{"embeddable":true,"href":"https:\/\/vs-st-kanzian.ksn.at\/index.php?rest_route=\/wp\/v2\/users\/1"}],"replies":[{"embeddable":true,"href":"https:\/\/vs-st-kanzian.ksn.at\/index.php?rest_route=%2Fwp%2Fv2%2Fcomments&post=14428"}],"version-history":[{"count":248,"href":"https:\/\/vs-st-kanzian.ksn.at\/index.php?rest_route=\/wp\/v2\/pages\/14428\/revisions"}],"predecessor-version":[{"id":19856,"href":"https:\/\/vs-st-kanzian.ksn.at\/index.php?rest_route=\/wp\/v2\/pages\/14428\/revisions\/19856"}],"wp:attachment":[{"href":"https:\/\/vs-st-kanzian.ksn.at\/index.php?rest_route=%2Fwp%2Fv2%2Fmedia&parent=14428"}],"curies":[{"name":"wp","href":"https:\/\/api.w.org\/{rel}","templated":true}]}}