{"id":18597,"date":"2025-09-16T09:40:44","date_gmt":"2025-09-16T07:40:44","guid":{"rendered":"https:\/\/vs-st-kanzian.ksn.at\/?page_id=18597"},"modified":"2025-10-06T10:30:35","modified_gmt":"2025-10-06T08:30:35","slug":"aktivitaeten-projekte-im-schuljahr-2025-26","status":"publish","type":"page","link":"https:\/\/vs-st-kanzian.ksn.at\/?page_id=18597","title":{"rendered":"Aktivit\u00e4ten &#038; Projekte im Schuljahr 2025\/26"},"content":{"rendered":"<p style=\"text-align: center;\">\n<table id=\"tablepress-71\" class=\"tablepress tablepress-id-71\">\n<tbody class=\"row-striping row-hover\">\n<tr class=\"row-1\">\n\t<td class=\"column-1\"><img loading=\"lazy\" decoding=\"async\" src=\"https:\/\/vs-st-kanzian.ksn.at\/wp-content\/uploads\/2025\/10\/Kunstunterricht-im-Wald.jpg\" alt=\"\" width=\"150\" height=\"150\" class=\"alignnone size-full wp-image-18918\" \/><br \/>\n<a href=\"https:\/\/vs-st-kanzian.ksn.at\/?p=18885\" target=\"_blank\">Kunstunterricht im Wald 2a<\/a><\/td><td class=\"column-2\"><img loading=\"lazy\" decoding=\"async\" src=\"https:\/\/vs-st-kanzian.ksn.at\/wp-content\/uploads\/2025\/10\/VE-2a.jpg\" alt=\"\" width=\"150\" height=\"150\" class=\"alignnone size-full wp-image-18889\" \/><br \/>\n<a href=\"https:\/\/vs-st-kanzian.ksn.at\/?p=18877\" target=\"_blank\">VE \/ Pometna vzgoja 2a<\/a><\/td>\n<\/tr>\n<tr class=\"row-2\">\n\t<td class=\"column-1\"><img loading=\"lazy\" decoding=\"async\" src=\"https:\/\/vs-st-kanzian.ksn.at\/wp-content\/uploads\/2025\/09\/Georgiberg-September.jpg\" alt=\"\" width=\"150\" height=\"150\" class=\"alignnone size-full wp-image-18748\" \/><br \/>\n<a href=\"https:\/\/vs-st-kanzian.ksn.at\/?p=18620\" target=\"_blank\">Wandertag Georgiberg<\/a><\/td><td class=\"column-2\"><img loading=\"lazy\" decoding=\"async\" src=\"https:\/\/vs-st-kanzian.ksn.at\/wp-content\/uploads\/2025\/09\/Wandertag-Klopeiner-See.jpg\" alt=\"\" width=\"150\" height=\"150\" class=\"alignnone size-full wp-image-18728\" \/><br \/>\n<a href=\"https:\/\/vs-st-kanzian.ksn.at\/?p=18727\" target=\"_blank\"> Klopeiner See 1a, 2a<\/a><\/td>\n<\/tr>\n<tr class=\"row-3\">\n\t<td class=\"column-1\"><img loading=\"lazy\" decoding=\"async\" src=\"https:\/\/vs-st-kanzian.ksn.at\/wp-content\/uploads\/2025\/10\/Feier-Nationalfeiertag.jpg\" alt=\"\" width=\"150\" height=\"150\" class=\"alignnone size-full wp-image-19111\" \/><br \/>\n<a href=\"https:\/\/vs-st-kanzian.ksn.at\/?p=19095\" target=\"_blank\">Nationalfeiertag \/ Dr\u017eavni praznik<\/a><\/td><td class=\"column-2\"><img loading=\"lazy\" decoding=\"async\" src=\"https:\/\/vs-st-kanzian.ksn.at\/wp-content\/uploads\/2025\/10\/Zahnprophylaxe-2b.jpg\" alt=\"\" width=\"150\" height=\"150\" class=\"alignnone size-full wp-image-19103\" \/><br \/>\n<a href=\"https:\/\/vs-st-kanzian.ksn.at\/?p=19091\" target=\"_blank\">Zahnprophylaxe 2b<\/a><\/td>\n<\/tr>\n<tr class=\"row-4\">\n\t<td class=\"column-1\"><img loading=\"lazy\" decoding=\"async\" src=\"https:\/\/vs-st-kanzian.ksn.at\/wp-content\/uploads\/2025\/10\/Das-haessliche-Entlein-2a3a4a.jpg\" alt=\"\" width=\"150\" height=\"150\" class=\"alignnone size-full wp-image-19043\" \/><br \/>\n<a href=\"https:\/\/vs-st-kanzian.ksn.at\/?p=19029\" target=\"_blank\">Theaterbesuch 2a, 3a, 4a<\/a> <\/td><td class=\"column-2\"><img loading=\"lazy\" decoding=\"async\" src=\"https:\/\/vs-st-kanzian.ksn.at\/wp-content\/uploads\/2025\/10\/EASY-DRIVERS-4a.jpg\" alt=\"\" width=\"150\" height=\"150\" class=\"alignnone size-full wp-image-19001\" \/><br \/>\n<a href=\"https:\/\/vs-st-kanzian.ksn.at\/?p=18996\" target=\"_blank\">Easy Drivers 4a<\/a><\/td>\n<\/tr>\n<tr class=\"row-5\">\n\t<td class=\"column-1\"><img loading=\"lazy\" decoding=\"async\" src=\"https:\/\/vs-st-kanzian.ksn.at\/wp-content\/uploads\/2025\/10\/Oktoberfeier-2a-3b-4b.jpg\" alt=\"\" width=\"150\" height=\"150\" class=\"alignnone size-full wp-image-19004\" \/><br \/>\n<a href=\"https:\/\/vs-st-kanzian.ksn.at\/?p=18994\" target=\"_blank\">Feier - 10. Oktober<\/a><\/td><td class=\"column-2\"><img loading=\"lazy\" decoding=\"async\" src=\"https:\/\/vs-st-kanzian.ksn.at\/wp-content\/uploads\/2025\/10\/EASY-DRIVERS-4b.jpg\" alt=\"\" width=\"150\" height=\"150\" class=\"alignnone size-full wp-image-19047\" \/><br \/>\n<a href=\"https:\/\/vs-st-kanzian.ksn.at\/?p=19033\" target=\"_blank\">Easy Drivers 4b<\/a><br \/>\n<\/td>\n<\/tr>\n<tr class=\"row-6\">\n\t<td class=\"column-1\"><img loading=\"lazy\" decoding=\"async\" src=\"https:\/\/vs-st-kanzian.ksn.at\/wp-content\/uploads\/2025\/10\/Waldspaziergang-3a.jpg\" alt=\"\" width=\"150\" height=\"150\" class=\"alignnone size-full wp-image-19075\" \/><br \/>\n<a href=\"https:\/\/vs-st-kanzian.ksn.at\/?p=19067\" target=\"_blank\">Waldspaziergang 3a<\/a><\/td><td class=\"column-2\"><img loading=\"lazy\" decoding=\"async\" src=\"https:\/\/vs-st-kanzian.ksn.at\/wp-content\/uploads\/2025\/10\/Kartoffelroesti-2b.jpg\" alt=\"\" width=\"150\" height=\"150\" class=\"alignnone size-full wp-image-19072\" \/><br \/>\n<a href=\"https:\/\/vs-st-kanzian.ksn.at\/?p=19065\" target=\"_blank\">Kartoffelr\u00f6sti 2b<\/a><\/td>\n<\/tr>\n<tr class=\"row-7\">\n\t<td class=\"column-1\"><img loading=\"lazy\" decoding=\"async\" src=\"https:\/\/vs-st-kanzian.ksn.at\/wp-content\/uploads\/2025\/10\/Zahnprophylaxe-4a.jpg\" alt=\"\" width=\"150\" height=\"150\" class=\"alignnone size-full wp-image-18989\" \/><br \/>\n<a href=\"https:\/\/vs-st-kanzian.ksn.at\/?p=18960\" target=\"_blank\">Zahnprophylaxe 4a<\/a><\/td><td class=\"column-2\"><img loading=\"lazy\" decoding=\"async\" src=\"https:\/\/vs-st-kanzian.ksn.at\/wp-content\/uploads\/2025\/10\/Easydrivers-3a.jpg\" alt=\"\" width=\"150\" height=\"150\" class=\"alignnone size-full wp-image-18980\" \/><br \/>\n<a href=\"https:\/\/vs-st-kanzian.ksn.at\/?p=18960\" target=\"_blank\">Easy Drivers 3a<\/a><\/td>\n<\/tr>\n<tr class=\"row-8\">\n\t<td class=\"column-1\"><img loading=\"lazy\" decoding=\"async\" src=\"https:\/\/vs-st-kanzian.ksn.at\/wp-content\/uploads\/2025\/10\/Zahnprophylaxe-2a.jpg\" alt=\"\" width=\"150\" height=\"150\" class=\"alignnone size-full wp-image-18969\" \/><br \/>\n<a href=\"https:\/\/vs-st-kanzian.ksn.at\/?p=18953\" target=\"_blank\">Zahnprophylaxe 2a<\/a><\/td><td class=\"column-2\"><img loading=\"lazy\" decoding=\"async\" src=\"https:\/\/vs-st-kanzian.ksn.at\/wp-content\/uploads\/2025\/10\/EASY-DRIVERS-3b.jpg\" alt=\"\" width=\"150\" height=\"150\" class=\"alignnone size-full wp-image-18998\" \/><br \/>\n<a href=\"https:\/\/vs-st-kanzian.ksn.at\/?p=18978\" target=\"_blank\">Easy Drivers 3b<\/a><\/td>\n<\/tr>\n<tr class=\"row-9\">\n\t<td class=\"column-1\"><img loading=\"lazy\" decoding=\"async\" src=\"https:\/\/vs-st-kanzian.ksn.at\/wp-content\/uploads\/2025\/10\/Schulbeginn-1a-1b.jpg\" alt=\"\" width=\"150\" height=\"150\" class=\"alignnone size-full wp-image-18934\" \/><br \/>\n<a href=\"https:\/\/vs-st-kanzian.ksn.at\/?p=18928\" target=\"_blank\">Schulbeginn 1a, 1b<\/a><\/td><td class=\"column-2\"><img loading=\"lazy\" decoding=\"async\" src=\"https:\/\/vs-st-kanzian.ksn.at\/wp-content\/uploads\/2025\/10\/Georgiberg-3a.jpg\" alt=\"\" width=\"150\" height=\"150\" class=\"alignnone size-full wp-image-18948\" \/><br \/>\n<a href=\"https:\/\/vs-st-kanzian.ksn.at\/?p=18945\" target=\"_blank\">Wandertag \/ Izlet 3a<\/a><\/td>\n<\/tr>\n<tr class=\"row-10\">\n\t<td class=\"column-1\"><img loading=\"lazy\" decoding=\"async\" src=\"https:\/\/vs-st-kanzian.ksn.at\/wp-content\/uploads\/2025\/11\/Der-erste-Schnee.jpg\" alt=\"\" width=\"150\" height=\"150\" class=\"alignnone size-full wp-image-19204\" \/><br \/>\n<a href=\"https:\/\/vs-st-kanzian.ksn.at\/?p=19197\" target=\"_blank\">Der erste Schnee<\/a><\/td><td class=\"column-2\"><img loading=\"lazy\" decoding=\"async\" src=\"https:\/\/vs-st-kanzian.ksn.at\/wp-content\/uploads\/2025\/11\/Hopsi-Hopper-2a.jpg\" alt=\"\" width=\"150\" height=\"150\" class=\"alignnone size-full wp-image-19210\" \/><br \/>\n<a href=\"https:\/\/vs-st-kanzian.ksn.at\/?p=19207\" target=\"_blank\">Hopsi Hopper 2a<\/a><br \/>\n<\/td>\n<\/tr>\n<tr class=\"row-11\">\n\t<td class=\"column-1\"><img loading=\"lazy\" decoding=\"async\" src=\"https:\/\/vs-st-kanzian.ksn.at\/wp-content\/uploads\/2025\/09\/Verkehrserziehung-1b.jpg\" alt=\"\" width=\"150\" height=\"150\" class=\"alignnone size-full wp-image-18853\" \/><br \/>\n<a href=\"https:\/\/vs-st-kanzian.ksn.at\/?p=18844\" target=\"_blank\">Verkehrserziehung 1b<\/a><\/td><td class=\"column-2\"><img loading=\"lazy\" decoding=\"async\" src=\"https:\/\/vs-st-kanzian.ksn.at\/wp-content\/uploads\/2025\/10\/Verkehrserziehung-2b.jpg\" alt=\"\" width=\"150\" height=\"150\" class=\"alignnone size-full wp-image-18932\" \/><br \/>\n<a href=\"https:\/\/vs-st-kanzian.ksn.at\/?p=18924\" target=\"_blank\">Verkehrserziehung 2b<\/a><\/td>\n<\/tr>\n<tr class=\"row-12\">\n\t<td class=\"column-1\"><img loading=\"lazy\" decoding=\"async\" src=\"https:\/\/vs-st-kanzian.ksn.at\/wp-content\/uploads\/2025\/09\/Apfelkompott-2a.jpg\" alt=\"\" width=\"150\" height=\"150\" class=\"alignnone size-full wp-image-18803\" \/><br \/>\n<a href=\"https:\/\/vs-st-kanzian.ksn.at\/?p=18787\" target=\"_blank\">Apfelkompott 2a<\/a><\/td><td class=\"column-2\"><img loading=\"lazy\" decoding=\"async\" src=\"https:\/\/vs-st-kanzian.ksn.at\/wp-content\/uploads\/2025\/09\/Verkehrserziehung-1a.jpg\" alt=\"\" width=\"150\" height=\"150\" class=\"alignnone size-full wp-image-18851\" \/><br \/>\n<a href=\"https:\/\/vs-st-kanzian.ksn.at\/?p=18841\" target=\"_blank\">VE \/ Prometna vzgoja 1a<\/a><\/td>\n<\/tr>\n<tr class=\"row-13\">\n\t<td class=\"column-1\"><img loading=\"lazy\" decoding=\"async\" src=\"https:\/\/vs-st-kanzian.ksn.at\/wp-content\/uploads\/2025\/11\/Workshop-for-Kids-4a-4b.jpg\" alt=\"\" width=\"150\" height=\"150\" class=\"alignnone size-full wp-image-19161\" \/><br \/>\n<a href=\"https:\/\/vs-st-kanzian.ksn.at\/?p=19157\" target=\"_blank\">Workshop for Kids 4a, 4b<\/a><\/td><td class=\"column-2\"><img loading=\"lazy\" decoding=\"async\" src=\"https:\/\/vs-st-kanzian.ksn.at\/wp-content\/uploads\/2025\/11\/Kompass-4b.jpg\" alt=\"\" width=\"150\" height=\"150\" class=\"alignnone size-full wp-image-19191\" \/><br \/>\n<a href=\"https:\/\/vs-st-kanzian.ksn.at\/?p=19181\" target=\"_blank\">Schwimmender Kompass 4b<\/a><\/td>\n<\/tr>\n<tr class=\"row-14\">\n\t<td class=\"column-1\"><img loading=\"lazy\" decoding=\"async\" src=\"https:\/\/vs-st-kanzian.ksn.at\/wp-content\/uploads\/2025\/11\/Chemobil-4a-4b.jpg\" alt=\"\" width=\"150\" height=\"150\" class=\"alignnone size-full wp-image-19223\" \/><br \/>\n<a href=\"https:\/\/vs-st-kanzian.ksn.at\/?p=19217\" target=\"_blank\">Chemobil 4a, 4b<\/a><\/td><td class=\"column-2\"><img loading=\"lazy\" decoding=\"async\" src=\"https:\/\/vs-st-kanzian.ksn.at\/wp-content\/uploads\/2025\/12\/Hopsi-Hopper-3a.jpg\" alt=\"\" width=\"150\" height=\"150\" class=\"alignnone size-full wp-image-19282\" \/><br \/>\n<a href=\"https:\/\/vs-st-kanzian.ksn.at\/?p=19252\" target=\"_blank\">Hopsi Hopper 3a<\/a><\/td>\n<\/tr>\n<tr class=\"row-15\">\n\t<td class=\"column-1\"><img loading=\"lazy\" decoding=\"async\" src=\"https:\/\/vs-st-kanzian.ksn.at\/wp-content\/uploads\/2025\/12\/Hopsi-Hopper-4b.jpg\" alt=\"\" width=\"150\" height=\"150\" class=\"size-full wp-image-19330\" \/><br \/>\n<a href=\"https:\/\/vs-st-kanzian.ksn.at\/?p=19301\" target=\"_blank\">Hopsi Hopper 4b<\/a><\/td><td class=\"column-2\"><img loading=\"lazy\" decoding=\"async\" src=\"https:\/\/vs-st-kanzian.ksn.at\/wp-content\/uploads\/2025\/12\/Nikolausbesuch.jpg\" alt=\"\" width=\"150\" height=\"150\" class=\"aligncenter size-full wp-image-19411\" \/> <a href=\"https:\/\/vs-st-kanzian.ksn.at\/?p=19394\" target=\"_blank\">Nikolobesuch \/ Obisk Miklav\u017ea<\/a><\/td>\n<\/tr>\n<tr class=\"row-16\">\n\t<td class=\"column-1\"><img loading=\"lazy\" decoding=\"async\" src=\"https:\/\/vs-st-kanzian.ksn.at\/wp-content\/uploads\/2025\/12\/Raeuber-Hotzenplotz.png\" alt=\"\" width=\"150\" height=\"150\" class=\"alignleft size-full wp-image-19529\" \/><br \/>\n<a href=\"https:\/\/vs-st-kanzian.ksn.at\/?p=19446\" target=\"_blank\">Stadttheater Klagenfurt<\/a><\/td><td class=\"column-2\"><img loading=\"lazy\" decoding=\"async\" src=\"https:\/\/vs-st-kanzian.ksn.at\/wp-content\/uploads\/2025\/12\/Weihnachtsfeier.jpg\" alt=\"\" width=\"150\" height=\"150\" class=\"alignleft size-full wp-image-19463\" \/><br \/>\n<a href=\"https:\/\/vs-st-kanzian.ksn.at\/?p=19459\" target=\"_blank\">Weihnachtsfeier<\/a> <\/td>\n<\/tr>\n<tr class=\"row-17\">\n\t<td class=\"column-1\"><img loading=\"lazy\" decoding=\"async\" src=\"https:\/\/vs-st-kanzian.ksn.at\/wp-content\/uploads\/2025\/12\/Tierweihnacht-1a-1b.jpg\" alt=\"\" width=\"150\" height=\"150\" class=\"alignleft size-full wp-image-19579\" \/><br \/>\n<a href=\"https:\/\/vs-st-kanzian.ksn.at\/?p=19532\" target=\"_blank\">Tierweihnacht 1a, 1b<\/a><\/td><td class=\"column-2\"><img loading=\"lazy\" decoding=\"async\" src=\"https:\/\/vs-st-kanzian.ksn.at\/wp-content\/uploads\/2026\/01\/Moessingerstrasse-4a4b.jpg\" alt=\"\" width=\"150\" height=\"150\" class=\"alignleft size-full wp-image-19583\" \/><br \/>\n<a href=\"https:\/\/vs-st-kanzian.ksn.at\/?p=19567\" target=\"_blank\">M\u00f6ssingerstra\u00dfe 4a, 4b<\/a><\/td>\n<\/tr>\n<tr class=\"row-18\">\n\t<td class=\"column-1\"><img loading=\"lazy\" decoding=\"async\" src=\"https:\/\/vs-st-kanzian.ksn.at\/wp-content\/uploads\/2026\/01\/Schitage-3a.jpg\" alt=\"\" width=\"150\" height=\"150\" class=\"alignleft size-full wp-image-19589\" \/><br \/>\n<a href=\"https:\/\/vs-st-kanzian.ksn.at\/?p=19570\" target=\"_blank\">Schitage 3a<\/a><\/td><td class=\"column-2\"><img loading=\"lazy\" decoding=\"async\" src=\"https:\/\/vs-st-kanzian.ksn.at\/wp-content\/uploads\/2026\/01\/Bobfahren-1b.jpg\" alt=\"\" width=\"150\" height=\"150\" class=\"alignleft size-full wp-image-19585\" \/><br \/>\n<br \/>\n<a href=\"https:\/\/vs-st-kanzian.ksn.at\/?p=19573\" target=\"_blank\">Bobfahren 1b<\/a><\/td>\n<\/tr>\n<tr class=\"row-19\">\n\t<td class=\"column-1\"><img loading=\"lazy\" decoding=\"async\" src=\"https:\/\/vs-st-kanzian.ksn.at\/wp-content\/uploads\/2026\/01\/Wintersport-4a.jpg\" alt=\"\" width=\"150\" height=\"150\" class=\"alignleft size-full wp-image-19636\" \/><br \/>\n<br \/>\n<a href=\"https:\/\/vs-st-kanzian.ksn.at\/?p=19624\" target=\"_blank\">Wintersport 4a<\/a><\/td><td class=\"column-2\"><img loading=\"lazy\" decoding=\"async\" src=\"https:\/\/vs-st-kanzian.ksn.at\/wp-content\/uploads\/2026\/01\/Skitag-Smucarski-dan.jpg\" alt=\"\" width=\"150\" height=\"150\" class=\"alignleft size-full wp-image-19639\" \/><br \/>\n<br \/>\n<a href=\"http:\/\/Skitag \/ Smu\u010darski dan\" target=\"_blank\">Skitag \/ Smu\u010darski dan<\/a><br \/>\n<\/td>\n<\/tr>\n<tr class=\"row-20\">\n\t<td class=\"column-1\"><img loading=\"lazy\" decoding=\"async\" src=\"https:\/\/vs-st-kanzian.ksn.at\/wp-content\/uploads\/2026\/01\/Eislaufen-2b-1.jpg\" alt=\"\" width=\"150\" height=\"150\" class=\"alignleft size-full wp-image-19647\" \/><br \/>\n<a href=\"https:\/\/vs-st-kanzian.ksn.at\/?p=19629\" target=\"_blank\">Eislaufen 2b<\/a><\/td><td class=\"column-2\"><img loading=\"lazy\" decoding=\"async\" src=\"https:\/\/vs-st-kanzian.ksn.at\/wp-content\/uploads\/2026\/01\/Eislaufen-1b.jpg\" alt=\"\" width=\"150\" height=\"150\" class=\"alignleft size-full wp-image-19654\" \/><br \/>\n<br \/>\n<a href=\"https:\/\/vs-st-kanzian.ksn.at\/?p=19633\" target=\"_blank\">Eislaufen 1b<\/a><\/td>\n<\/tr>\n<tr class=\"row-21\">\n\t<td class=\"column-1\"><img loading=\"lazy\" decoding=\"async\" src=\"https:\/\/vs-st-kanzian.ksn.at\/wp-content\/uploads\/2026\/01\/Tag-der-offenen-Tuer-NMS-Kuehnsdorf.jpg\" alt=\"\" width=\"150\" height=\"150\" class=\"alignleft size-full wp-image-19677\" \/><br \/>\n<a href=\"https:\/\/vs-st-kanzian.ksn.at\/?p=19673\" target=\"_blank\">Tag der offenen T\u00fcr MS K\u00fchnsdorf \/ Dan odprtih vrat S\u0160 Sin\u010da vas<\/a><br \/>\n<\/td><td class=\"column-2\"><img loading=\"lazy\" decoding=\"async\" src=\"https:\/\/vs-st-kanzian.ksn.at\/wp-content\/uploads\/2026\/01\/Besuch-der-Hebamme-4a.jpg\" alt=\"\" width=\"150\" height=\"150\" class=\"alignleft size-full wp-image-19692\" \/><br \/>\n<br \/>\n<a href=\"http:\/\/Besuch der Hebamme \/ Obisk babice\" target=\"_blank\">Besuch der Hebamme \/ Obisk babice - 4a<\/a><\/td>\n<\/tr>\n<tr class=\"row-22\">\n\t<td class=\"column-1\"><img loading=\"lazy\" decoding=\"async\" src=\"https:\/\/vs-st-kanzian.ksn.at\/wp-content\/uploads\/2026\/01\/Besuch-der-Hebamme-4b.jpg\" alt=\"\" width=\"150\" height=\"150\" class=\"alignleft size-full wp-image-19710\" \/><br \/>\n<a href=\"https:\/\/vs-st-kanzian.ksn.at\/?p=19703\" target=\"_blank\">Besuch der Hebamme 4b<\/a><\/td><td class=\"column-2\"><img loading=\"lazy\" decoding=\"async\" src=\"https:\/\/vs-st-kanzian.ksn.at\/wp-content\/uploads\/2026\/01\/Eislaufen-3a-3b.jpg\" alt=\"\" width=\"150\" height=\"150\" class=\"alignleft size-full wp-image-19707\" \/><br \/>\n<br \/>\n<a href=\"https:\/\/vs-st-kanzian.ksn.at\/?p=19701\" target=\"_blank\">Eislaufen \/ Drsanje \u2013 3a, 3b<\/a><\/td>\n<\/tr>\n<tr class=\"row-23\">\n\t<td class=\"column-1\"><img loading=\"lazy\" decoding=\"async\" src=\"https:\/\/vs-st-kanzian.ksn.at\/wp-content\/uploads\/2026\/01\/Heisse-Schokolade-3a.jpg\" alt=\"\" width=\"150\" height=\"150\" class=\"alignnone size-full wp-image-19727\" \/><br \/>\n<a href=\"https:\/\/vs-st-kanzian.ksn.at\/?p=19722\" target=\"_blank\">Hei\u00dfe Schokolade \/ Vro\u010da \u010dokolada \u2013 3a<\/a><\/td><td class=\"column-2\"><img loading=\"lazy\" decoding=\"async\" src=\"https:\/\/vs-st-kanzian.ksn.at\/wp-content\/uploads\/2026\/01\/Wintersport-2a.jpg\" alt=\"\" width=\"150\" height=\"150\" class=\"alignnone size-full wp-image-19735\" \/><br \/>\n<a href=\"https:\/\/vs-st-kanzian.ksn.at\/?p=19732\" target=\"_blank\">Wintersport \/ Zimski \u0161port \u2013 2a<\/a><\/td>\n<\/tr>\n<tr class=\"row-24\">\n\t<td class=\"column-1\"><img loading=\"lazy\" decoding=\"async\" src=\"https:\/\/vs-st-kanzian.ksn.at\/wp-content\/uploads\/2026\/01\/Theatervorstellung-_-Gledaliska-predstava.jpg\" alt=\"\" width=\"150\" height=\"150\" class=\"alignnone size-full wp-image-19749\" \/><br \/>\n<a href=\"https:\/\/vs-st-kanzian.ksn.at\/?p=19742\" target=\"_blank\">Theatervorstellung \/ Gledali\u0161ka predstava<\/a><\/td><td class=\"column-2\"><img loading=\"lazy\" decoding=\"async\" src=\"https:\/\/vs-st-kanzian.ksn.at\/wp-content\/uploads\/2026\/02\/HTL-Moessingerstrasse-4a-4b.jpg\" alt=\"\" width=\"150\" height=\"150\" class=\"alignnone size-full wp-image-19765\" \/><br \/>\n<a href=\"https:\/\/vs-st-kanzian.ksn.at\/?p=19762\" target=\"_blank\">HTL M\u00f6ssingerstra\u00dfe 4a, 4b<\/a><\/td>\n<\/tr>\n<tr class=\"row-25\">\n\t<td class=\"column-1\"><img loading=\"lazy\" decoding=\"async\" src=\"https:\/\/vs-st-kanzian.ksn.at\/wp-content\/uploads\/2026\/02\/Magic-Zuze.jpg\" alt=\"\" width=\"150\" height=\"150\" class=\"alignnone size-full wp-image-19778\" \/><br \/>\n<a href=\"https:\/\/vs-st-kanzian.ksn.at\/?p=19771\" target=\"_blank\">Magic Zuze<\/a><\/td><td class=\"column-2\"><img loading=\"lazy\" decoding=\"async\" src=\"https:\/\/vs-st-kanzian.ksn.at\/wp-content\/uploads\/2026\/02\/Striezel-3a-3b.jpg\" alt=\"\" width=\"150\" height=\"150\" class=\"alignnone size-full wp-image-19781\" \/><br \/>\n<a href=\"https:\/\/vs-st-kanzian.ksn.at\/?p=19754\" target=\"_blank\"><br \/>\nStriezel \/ \u0160truceje 3a, 3b<\/a><\/td>\n<\/tr>\n<tr class=\"row-26\">\n\t<td class=\"column-1\"><img loading=\"lazy\" decoding=\"async\" src=\"https:\/\/vs-st-kanzian.ksn.at\/wp-content\/uploads\/2026\/02\/Faschingsdienstag-Pustni-torek.jpg\" alt=\"\" width=\"150\" height=\"150\" class=\"alignnone size-full wp-image-19820\" \/><br \/>\n<a href=\"https:\/\/vs-st-kanzian.ksn.at\/?p=19817\" target=\"_blank\">Faschingsdienstag \/ Pustni torek<\/a><\/td><td class=\"column-2\"><img loading=\"lazy\" decoding=\"async\" src=\"https:\/\/vs-st-kanzian.ksn.at\/wp-content\/uploads\/2026\/02\/Schitage-Petzen.jpg\" alt=\"\" width=\"150\" height=\"150\" class=\"alignnone size-full wp-image-19831\" \/><br \/>\n<a href=\"https:\/\/vs-st-kanzian.ksn.at\/?p=19827\" target=\"_blank\">Schitage Petzen 1a, 1b, 2a, 2b<\/a><\/td>\n<\/tr>\n<tr class=\"row-27\">\n\t<td class=\"column-1\"><img loading=\"lazy\" decoding=\"async\" src=\"https:\/\/vs-st-kanzian.ksn.at\/wp-content\/uploads\/2026\/03\/HTL-Projektabschluss-4a-4b.jpg\" alt=\"\" width=\"150\" height=\"150\" class=\"alignnone size-full wp-image-19867\" \/><br \/>\n<a href=\"https:\/\/vs-st-kanzian.ksn.at\/?p=19857\" target=\"_blank\">HTL Projektabschluss 4a, 4b<\/a><\/td><td class=\"column-2\"><img loading=\"lazy\" decoding=\"async\" src=\"https:\/\/vs-st-kanzian.ksn.at\/wp-content\/uploads\/2026\/03\/Fit-im-Freien-1b.jpg\" alt=\"\" width=\"150\" height=\"150\" class=\"alignnone size-full wp-image-19864\" \/><br \/>\n<a href=\"https:\/\/vs-st-kanzian.ksn.at\/?p=19859\" target=\"_blank\">Fit im Freien 1b<\/a><\/td>\n<\/tr>\n<tr class=\"row-28\">\n\t<td class=\"column-1\"><img loading=\"lazy\" decoding=\"async\" src=\"https:\/\/vs-st-kanzian.ksn.at\/wp-content\/uploads\/2026\/04\/Bezirksjugendsingen-1a-2a-3a-4a.jpg\" alt=\"\" width=\"150\" height=\"150\" class=\"alignnone size-full wp-image-19901\" \/><br \/>\n<a href=\"https:\/\/vs-st-kanzian.ksn.at\/?p=19892\" target=\"_blank\">Bezirksjugendsingen \/ Okrajno mladinsko petje<\/a><br \/>\n<\/td><td class=\"column-2\"><img loading=\"lazy\" decoding=\"async\" src=\"https:\/\/vs-st-kanzian.ksn.at\/wp-content\/uploads\/2026\/04\/Besuch-auf-dem-Gemeindeamt-\u2013-3a.jpg\" alt=\"\" width=\"150\" height=\"150\" class=\"alignnone size-full wp-image-19910\" \/><br \/>\n<a href=\"https:\/\/vs-st-kanzian.ksn.at\/?p=19905\" target=\"_blank\">Besuch auf dem Gemeindeamt \/ Obisk na ob\u010dinskem uradu \u2013 3a<\/a><\/td>\n<\/tr>\n<tr class=\"row-29\">\n\t<td class=\"column-1\"><img loading=\"lazy\" decoding=\"async\" src=\"https:\/\/vs-st-kanzian.ksn.at\/wp-content\/uploads\/2026\/04\/Vorlesetag-2026.jpg\" alt=\"\" width=\"150\" height=\"150\" class=\"alignnone size-full wp-image-19923\" \/><br \/>\n<a href=\"https:\/\/vs-st-kanzian.ksn.at\/?p=19913\" target=\"_blank\">Vorlesetag 2026<\/a><\/td><td class=\"column-2\"><img loading=\"lazy\" decoding=\"async\" src=\"https:\/\/vs-st-kanzian.ksn.at\/wp-content\/uploads\/2026\/04\/Der-Weg-eines-Briefes-2a.jpg\" alt=\"\" width=\"150\" height=\"150\" class=\"alignnone size-full wp-image-19929\" \/><br \/>\n<a href=\"https:\/\/vs-st-kanzian.ksn.at\/?p=19919\" target=\"_blank\">Der Weg eines Briefes \/ Pot pisma - 2a<\/a><\/td>\n<\/tr>\n<tr class=\"row-30\">\n\t<td class=\"column-1\"><img loading=\"lazy\" decoding=\"async\" src=\"https:\/\/vs-st-kanzian.ksn.at\/wp-content\/uploads\/2026\/04\/Flurreinigung-2026.jpg\" alt=\"\" width=\"150\" height=\"150\" class=\"alignnone size-full wp-image-19939\" \/><br \/>\n<a href=\"https:\/\/vs-st-kanzian.ksn.at\/?p=19917\" target=\"_blank\">Flurreinigung 2026 \/ \u010ci\u0161\u010denja okolja 2026<\/a><br \/>\n<br \/>\n<\/td><td class=\"column-2\"><img loading=\"lazy\" decoding=\"async\" src=\"https:\/\/vs-st-kanzian.ksn.at\/wp-content\/uploads\/2026\/04\/Gemeindeamt-3b.jpg\" alt=\"\" width=\"150\" height=\"150\" class=\"alignnone size-full wp-image-19951\" \/><br \/>\n<a href=\"https:\/\/vs-st-kanzian.ksn.at\/?p=19933\" target=\"_blank\">Besuch auf dem Gemeindeamt 3b<\/a><\/td>\n<\/tr>\n<tr class=\"row-31\">\n\t<td class=\"column-1\"><img loading=\"lazy\" decoding=\"async\" src=\"https:\/\/vs-st-kanzian.ksn.at\/wp-content\/uploads\/2026\/04\/Landesjugendsingen.jpg\" alt=\"\" width=\"150\" height=\"150\" class=\"alignnone size-full wp-image-20010\" \/><br \/>\n<a href=\"https:\/\/vs-st-kanzian.ksn.at\/?p=19970\" target=\"_blank\">Landesjugendsingen 2026 \/ De\u017eelno mladinsko petje 2026<\/a><\/td><td class=\"column-2\"><\/td>\n<\/tr>\n<\/tbody>\n<\/table>\n<!-- #tablepress-71 from cache --><\/p>\n","protected":false},"excerpt":{"rendered":"","protected":false},"author":1,"featured_media":0,"parent":0,"menu_order":0,"comment_status":"closed","ping_status":"closed","template":"","meta":{"footnotes":""},"class_list":["post-18597","page","type-page","status-publish","hentry"],"_links":{"self":[{"href":"https:\/\/vs-st-kanzian.ksn.at\/index.php?rest_route=\/wp\/v2\/pages\/18597","targetHints":{"allow":["GET"]}}],"collection":[{"href":"https:\/\/vs-st-kanzian.ksn.at\/index.php?rest_route=\/wp\/v2\/pages"}],"about":[{"href":"https:\/\/vs-st-kanzian.ksn.at\/index.php?rest_route=\/wp\/v2\/types\/page"}],"author":[{"embeddable":true,"href":"https:\/\/vs-st-kanzian.ksn.at\/index.php?rest_route=\/wp\/v2\/users\/1"}],"replies":[{"embeddable":true,"href":"https:\/\/vs-st-kanzian.ksn.at\/index.php?rest_route=%2Fwp%2Fv2%2Fcomments&post=18597"}],"version-history":[{"count":12,"href":"https:\/\/vs-st-kanzian.ksn.at\/index.php?rest_route=\/wp\/v2\/pages\/18597\/revisions"}],"predecessor-version":[{"id":18897,"href":"https:\/\/vs-st-kanzian.ksn.at\/index.php?rest_route=\/wp\/v2\/pages\/18597\/revisions\/18897"}],"wp:attachment":[{"href":"https:\/\/vs-st-kanzian.ksn.at\/index.php?rest_route=%2Fwp%2Fv2%2Fmedia&parent=18597"}],"curies":[{"name":"wp","href":"https:\/\/api.w.org\/{rel}","templated":true}]}}