{"id":19991,"date":"2026-04-23T18:33:26","date_gmt":"2026-04-23T16:33:26","guid":{"rendered":"https:\/\/vs-st-kanzian.ksn.at\/?page_id=19991"},"modified":"2026-04-24T09:39:57","modified_gmt":"2026-04-24T07:39:57","slug":"bildungscampus-st-kanzian-am-klopeiner-see","status":"publish","type":"page","link":"https:\/\/vs-st-kanzian.ksn.at\/?page_id=19991","title":{"rendered":"Bildungszentrum St. Kanzian am Klopeiner See"},"content":{"rendered":"<p>Volksschule und Kindergarten sind sanierungsbed\u00fcrftig und werden derzeit in drei Baustufen baulich zu einer gemeinsamen Bildungseinrichtung miteinander verbunden. Damit sollen k\u00fcnftig 260 Kinder in Kindergarten, Schule und Kindertagesst\u00e4tten betreut werden. Geplant wurde das Projekt von der Klagenfurter Architektin Barbara Frediani-Gasser. Die erste Baustufe soll Ende 2027 fertiggestellt sein, wobei die Sanierung des alten Schulgeb\u00e4udes und der Einbau eines Liftes in den Ferien erfolgen. Als Gesamtkosten sind neun Millionen Euro veranschlagt und werden von Land, Bund und der Gemeinde mit 2,3 Millionen Euro angesparten R\u00fccklagen getragen, womit dieses Projekt die bisher gr\u00f6\u00dfte Investition der Gemeinde darstellt.<\/p>\n<p>Die Umbauarbeiten w\u00e4hrend des Schulbetriebes stellen eine gro\u00dfe Herausforderung an die Sch\u00fcler, die Schulleitung, die Lehrpersonen und auch die Eltern dar, deshalb hoffen alle, dass die Fertigstellungsfristen eingehalten werden k\u00f6nnen.<\/p>\n<p>Eine kurze Chronologie und Vorschau:<\/p>\n<ul data-editing-info=\"{&quot;applyListStyleFromLevel&quot;:true}\">\n<li>Nach den Semesterferien siedelten die 2a in den ehemaligen PC Raum, die GTS 2 in den Lehrmittelraum im Erdgescho\u00df und die GTS3 in den ehemaligen textilen Werkraum. Damit war viel Entr\u00fcmpelungs- und Siedlungsarbeit verbunden.<\/li>\n<li>Ab 16.03.2026 Abriss des Geb\u00e4udes Nord, das 1997 errichtet worden war<\/li>\n<li>Ab 13.04.2026 Beginn der Bauarbeiten f\u00fcr den Neubauteil des Bildungszentrums<\/li>\n<li>Ab 01.06.2026 Renovierungsarbeiten im Nordtrakt: Textiles Werken, Klassen 1a und 4a, Mittelstock, Sanit\u00e4ranlagen<br \/>\nDie Sanierung des Nordteiles mit Errichtung des Liftes soll mit Schulbeginn 2026\/27 fertig sein.<\/li>\n<li>Bis Ende 2027 soll der Verbindungsbau Bildungszentrum St. Kanzian am Klopeiner See bezugsfertig sein. Das Kernst\u00fcck sind die Aula und der Speisesaal mit Mensa.<\/li>\n<\/ul>\n<div id=\"grid-gallery-27-36670\" data-gg-id=\"27\" data-title=\"Bildungszentrum St. Kanzian am Klopeiner See\" data-grid-type=\"1\" data-offset=\"10.3\" data-area-position=\"center\" data-icons=\"\" data-preloader=\"true\" data-width=\"287\" data-height=\"\" data-padding=\"0\" data-quicksand=\"disabled\" data-quicksand-duration=\"none\" data-popup-theme=\"theme_6\" data-popup-type=\"pretty-photo\" data-popup-image-text=\"data-description\" data-popup-widthsize=\"auto\" data-popup-heightsize=\"auto\" data-popup-i18n-words=\"{&quot;close&quot;:&quot;schlie\\u00dfen&quot;,&quot;next&quot;:&quot;n\\u00e4chste&quot;,&quot;previous&quot;:&quot;vorherige&quot;,&quot;start_slideshow&quot;:&quot;Starte Slideshow&quot;,&quot;stop_slideshow&quot;:&quot;Stoppe Slideshow&quot;,&quot;image&quot;:&quot;Bild&quot;,&quot;of&quot;:&quot;von&quot;,&quot;prev&quot;:&quot;vorherige&quot;,&quot;cExpand&quot;:&quot;Erweitere&quot;,&quot;cPrevious&quot;:&quot;Vorheriges&quot;,&quot;cNext&quot;:&quot;N\\u00e4chstes&quot;,&quot;cExpandStr&quot;:&quot;Erweitere Bild&quot;,&quot;cRotate&quot;:&quot;Rotate&quot;,&quot;cDetails&quot;:&quot;Details&quot;}\" data-popup-slideshow=\"true\" data-popup-slideshow-speed=\"2500\" data-popup-hoverstop=\"true\" data-popup-slideshow-auto=\"false\" data-popup-background=\"\" data-popup-transparency=\"30\" data-popup-disable-history=\"\" data-popup-disable-changed-url=\"\" data-popup-border-type=\"solid\" data-popup-border-color=\"\" data-popup-border-width=\"\" data-popup-border-enable=\"\" data-fullscreen=\"false\" data-hide-tooltip=\"false\" data-caption-font-family=\"Default\" data-caption-text-size=\"140\" data-is-mobile=\"0\" data-caption-mobile=\"false\" data-hide-long-tltp-title=\"0\" data-caption-disabled-on-mobile=\"false\" data-popup-placement-type=\"0\" data-social-sharing=\"{&quot;enabled&quot;:null,&quot;gallerySharing&quot;:{&quot;enabled&quot;:null,&quot;position&quot;:null},&quot;imageSharing&quot;:{&quot;enabled&quot;:null,&quot;wrapperClass&quot;:&quot; vertical &quot;},&quot;popupSharing&quot;:{&quot;enabled&quot;:null,&quot;wrapperClass&quot;:&quot; vertical &quot;}}\" class=\"grid-gallery grid-gallery-fluid-height \" style=\" width:100%; height:auto; margin-left:auto; margin-right:auto;position:relative;\"> <div class=\"gallery-loading\"> <div class=\"blocks\"> <div class=\"block\"><\/div> <div class=\"block\"><\/div> <div class=\"block\"><\/div> <div class=\"block\"><\/div> <\/div> <\/div> <div class=\"gallery-sharing-top\" style=\"display:none;\"> <\/div> <div id=\"photos-27\" class=\"grid-gallery-photos\"><FIGURE class=\"grid-gallery-caption\" data-grid-gallery-type=\"quarter-slide-up\" data-index=\"0\" style=\"display:none;border-radius:200;; margin:10.3px; width:2870;\" ><div class=\"crop\" style=\"\"><img decoding=\"async\" src=\"https:\/\/vs-st-kanzian.ksn.at\/wp-content\/uploads\/2026\/04\/001-am-2026-04-23-at-11.51.21-287x383.jpeg\" class=\"ggImg\" alt=\"001 am 2026-04-23 at 11.51.21\" title=\"001 am 2026-04-23 at 11.51.21\" data-description=\"001 am 2026-04-23 at 11.51.21\" data-caption=\"001 am 2026-04-23 at 11.51.21\" data-title=\"001 am 2026-04-23 at 11.51.21\" style=\" width:287px;\" \/><\/div><FIGCAPTION class=\"\" data-alpha=\"5\" style=\"color:#ffffff; background-color:#6f0000; font-size:140; text-align:left; font-family:Default;\" ><div class=\"grid-gallery-figcaption-wrap\" style=\"\"><\/div><\/FIGCAPTION><\/FIGURE><FIGURE class=\"grid-gallery-caption\" data-grid-gallery-type=\"quarter-slide-up\" data-index=\"1\" style=\"display:none;border-radius:200;; margin:10.3px; width:2870;\" ><div class=\"crop\" style=\"\"><img decoding=\"async\" src=\"https:\/\/vs-st-kanzian.ksn.at\/wp-content\/uploads\/2026\/04\/002-am-2026-04-23-at--287x383.jpeg\" class=\"ggImg\" alt=\"002 am 2026-04-23 at\" title=\"002 am 2026-04-23 at\" data-description=\"002 am 2026-04-23 at\" data-caption=\"002 am 2026-04-23 at\" data-title=\"002 am 2026-04-23 at\" style=\" width:287px;\" \/><\/div><FIGCAPTION class=\"\" data-alpha=\"5\" style=\"color:#ffffff; background-color:#6f0000; font-size:140; text-align:left; font-family:Default;\" ><div class=\"grid-gallery-figcaption-wrap\" style=\"\"><\/div><\/FIGCAPTION><\/FIGURE><FIGURE class=\"grid-gallery-caption\" data-grid-gallery-type=\"quarter-slide-up\" data-index=\"2\" style=\"display:none;border-radius:200;; margin:10.3px; width:2870;\" ><div class=\"crop\" style=\"\"><img decoding=\"async\" src=\"https:\/\/vs-st-kanzian.ksn.at\/wp-content\/uploads\/2026\/04\/003-am-2026-04-23-at--287x215.jpeg\" class=\"ggImg\" alt=\"003 am 2026-04-23 at\" title=\"003 am 2026-04-23 at\" data-description=\"003 am 2026-04-23 at\" data-caption=\"003 am 2026-04-23 at\" data-title=\"003 am 2026-04-23 at\" style=\" width:287px;\" \/><\/div><FIGCAPTION class=\"\" data-alpha=\"5\" style=\"color:#ffffff; background-color:#6f0000; font-size:140; text-align:left; font-family:Default;\" ><div class=\"grid-gallery-figcaption-wrap\" style=\"\"><\/div><\/FIGCAPTION><\/FIGURE><FIGURE class=\"grid-gallery-caption\" data-grid-gallery-type=\"quarter-slide-up\" data-index=\"3\" style=\"display:none;border-radius:200;; margin:10.3px; width:2870;\" ><div class=\"crop\" style=\"\"><img decoding=\"async\" src=\"https:\/\/vs-st-kanzian.ksn.at\/wp-content\/uploads\/2026\/04\/004-am-2026-04-23-at--287x383.jpeg\" class=\"ggImg\" alt=\"004 am 2026-04-23 at\" title=\"004 am 2026-04-23 at\" data-description=\"004 am 2026-04-23 at\" data-caption=\"004 am 2026-04-23 at\" data-title=\"004 am 2026-04-23 at\" style=\" width:287px;\" \/><\/div><FIGCAPTION class=\"\" data-alpha=\"5\" style=\"color:#ffffff; background-color:#6f0000; font-size:140; text-align:left; font-family:Default;\" ><div class=\"grid-gallery-figcaption-wrap\" style=\"\"><\/div><\/FIGCAPTION><\/FIGURE><FIGURE class=\"grid-gallery-caption\" data-grid-gallery-type=\"quarter-slide-up\" data-index=\"4\" style=\"display:none;border-radius:200;; margin:10.3px; width:2870;\" ><div class=\"crop\" style=\"\"><img decoding=\"async\" src=\"https:\/\/vs-st-kanzian.ksn.at\/wp-content\/uploads\/2026\/04\/005-am-2026-04-23-at--287x383.jpeg\" class=\"ggImg\" alt=\"005 am 2026-04-23 at\" title=\"005 am 2026-04-23 at\" data-description=\"005 am 2026-04-23 at\" data-caption=\"005 am 2026-04-23 at\" data-title=\"005 am 2026-04-23 at\" style=\" width:287px;\" \/><\/div><FIGCAPTION class=\"\" data-alpha=\"5\" style=\"color:#ffffff; background-color:#6f0000; font-size:140; text-align:left; font-family:Default;\" ><div class=\"grid-gallery-figcaption-wrap\" style=\"\"><\/div><\/FIGCAPTION><\/FIGURE><FIGURE class=\"grid-gallery-caption\" data-grid-gallery-type=\"quarter-slide-up\" data-index=\"5\" style=\"display:none;border-radius:200;; margin:10.3px; width:2870;\" ><div class=\"crop\" style=\"\"><img decoding=\"async\" src=\"https:\/\/vs-st-kanzian.ksn.at\/wp-content\/uploads\/2026\/04\/006-am-2026-04-23-at--287x383.jpeg\" class=\"ggImg\" alt=\"006 am 2026-04-23 at\" title=\"006 am 2026-04-23 at\" data-description=\"006 am 2026-04-23 at\" data-caption=\"006 am 2026-04-23 at\" data-title=\"006 am 2026-04-23 at\" style=\" width:287px;\" \/><\/div><FIGCAPTION class=\"\" data-alpha=\"5\" style=\"color:#ffffff; background-color:#6f0000; font-size:140; text-align:left; font-family:Default;\" ><div class=\"grid-gallery-figcaption-wrap\" style=\"\"><\/div><\/FIGCAPTION><\/FIGURE><FIGURE class=\"grid-gallery-caption\" data-grid-gallery-type=\"quarter-slide-up\" data-index=\"6\" style=\"display:none;border-radius:200;; margin:10.3px; width:2870;\" ><div class=\"crop\" style=\"\"><img decoding=\"async\" src=\"https:\/\/vs-st-kanzian.ksn.at\/wp-content\/uploads\/2026\/04\/007am-2026-04-23-at--287x383.jpeg\" class=\"ggImg\" alt=\"007am 2026-04-23 at\" title=\"007am 2026-04-23 at\" data-description=\"007am 2026-04-23 at\" data-caption=\"007am 2026-04-23 at\" data-title=\"007am 2026-04-23 at\" style=\" width:287px;\" \/><\/div><FIGCAPTION class=\"\" data-alpha=\"5\" style=\"color:#ffffff; background-color:#6f0000; font-size:140; text-align:left; font-family:Default;\" ><div class=\"grid-gallery-figcaption-wrap\" style=\"\"><\/div><\/FIGCAPTION><\/FIGURE><FIGURE class=\"grid-gallery-caption\" data-grid-gallery-type=\"quarter-slide-up\" data-index=\"7\" style=\"display:none;border-radius:200;; margin:10.3px; width:2870;\" ><div class=\"crop\" style=\"\"><img decoding=\"async\" src=\"https:\/\/vs-st-kanzian.ksn.at\/wp-content\/uploads\/2026\/04\/008-am-2026-04-23-at--287x383.jpeg\" class=\"ggImg\" alt=\"008 am 2026-04-23 at\" title=\"008 am 2026-04-23 at\" data-description=\"008 am 2026-04-23 at\" data-caption=\"008 am 2026-04-23 at\" data-title=\"008 am 2026-04-23 at\" style=\" width:287px;\" \/><\/div><FIGCAPTION class=\"\" data-alpha=\"5\" style=\"color:#ffffff; background-color:#6f0000; font-size:140; text-align:left; font-family:Default;\" ><div class=\"grid-gallery-figcaption-wrap\" style=\"\"><\/div><\/FIGCAPTION><\/FIGURE><FIGURE class=\"grid-gallery-caption\" data-grid-gallery-type=\"quarter-slide-up\" data-index=\"8\" style=\"display:none;border-radius:200;; margin:10.3px; width:2870;\" ><div class=\"crop\" style=\"\"><img decoding=\"async\" src=\"https:\/\/vs-st-kanzian.ksn.at\/wp-content\/uploads\/2026\/04\/009-am-2026-04-23-at--287x383.jpeg\" class=\"ggImg\" alt=\"009 am 2026-04-23 at\" title=\"009 am 2026-04-23 at\" data-description=\"009 am 2026-04-23 at\" data-caption=\"009 am 2026-04-23 at\" data-title=\"009 am 2026-04-23 at\" style=\" width:287px;\" \/><\/div><FIGCAPTION class=\"\" data-alpha=\"5\" style=\"color:#ffffff; background-color:#6f0000; font-size:140; text-align:left; font-family:Default;\" ><div class=\"grid-gallery-figcaption-wrap\" style=\"\"><\/div><\/FIGCAPTION><\/FIGURE><FIGURE class=\"grid-gallery-caption\" data-grid-gallery-type=\"quarter-slide-up\" data-index=\"9\" style=\"display:none;border-radius:200;; margin:10.3px; width:2870;\" ><div class=\"crop\" style=\"\"><img decoding=\"async\" src=\"https:\/\/vs-st-kanzian.ksn.at\/wp-content\/uploads\/2026\/04\/010-am-2026-04-23-at--287x383.jpeg\" class=\"ggImg\" alt=\"010 am 2026-04-23 at\" title=\"010 am 2026-04-23 at\" data-description=\"010 am 2026-04-23 at\" data-caption=\"010 am 2026-04-23 at\" data-title=\"010 am 2026-04-23 at\" style=\" width:287px;\" \/><\/div><FIGCAPTION class=\"\" data-alpha=\"5\" style=\"color:#ffffff; background-color:#6f0000; font-size:140; text-align:left; font-family:Default;\" ><div class=\"grid-gallery-figcaption-wrap\" style=\"\"><\/div><\/FIGCAPTION><\/FIGURE><FIGURE class=\"grid-gallery-caption\" data-grid-gallery-type=\"quarter-slide-up\" data-index=\"10\" style=\"display:none;border-radius:200;; margin:10.3px; width:2870;\" ><div class=\"crop\" style=\"\"><img decoding=\"async\" src=\"https:\/\/vs-st-kanzian.ksn.at\/wp-content\/uploads\/2026\/04\/011-am-2026-04-23-at--287x383.jpeg\" class=\"ggImg\" alt=\"011 am 2026-04-23 at\" title=\"011 am 2026-04-23 at\" data-description=\"011 am 2026-04-23 at\" data-caption=\"011 am 2026-04-23 at\" data-title=\"011 am 2026-04-23 at\" style=\" width:287px;\" \/><\/div><FIGCAPTION class=\"\" data-alpha=\"5\" style=\"color:#ffffff; background-color:#6f0000; font-size:140; text-align:left; font-family:Default;\" ><div class=\"grid-gallery-figcaption-wrap\" style=\"\"><\/div><\/FIGCAPTION><\/FIGURE><FIGURE class=\"grid-gallery-caption\" data-grid-gallery-type=\"quarter-slide-up\" data-index=\"11\" style=\"display:none;border-radius:200;; margin:10.3px; width:2870;\" ><div class=\"crop\" style=\"\"><img decoding=\"async\" src=\"https:\/\/vs-st-kanzian.ksn.at\/wp-content\/uploads\/2026\/04\/012-am-2026-04-23-at--287x383.jpeg\" class=\"ggImg\" alt=\"012 am 2026-04-23 at\" title=\"012 am 2026-04-23 at\" data-description=\"012 am 2026-04-23 at\" data-caption=\"012 am 2026-04-23 at\" data-title=\"012 am 2026-04-23 at\" style=\" width:287px;\" \/><\/div><FIGCAPTION class=\"\" data-alpha=\"5\" style=\"color:#ffffff; background-color:#6f0000; font-size:140; text-align:left; font-family:Default;\" ><div class=\"grid-gallery-figcaption-wrap\" style=\"\"><\/div><\/FIGCAPTION><\/FIGURE><FIGURE class=\"grid-gallery-caption\" data-grid-gallery-type=\"quarter-slide-up\" data-index=\"12\" style=\"display:none;border-radius:200;; margin:10.3px; width:2870;\" ><div class=\"crop\" style=\"\"><img decoding=\"async\" src=\"https:\/\/vs-st-kanzian.ksn.at\/wp-content\/uploads\/2026\/04\/013-am-2026-04-23-at--287x383.jpeg\" class=\"ggImg\" alt=\"013 am 2026-04-23 at\" title=\"013 am 2026-04-23 at\" data-description=\"013 am 2026-04-23 at\" data-caption=\"013 am 2026-04-23 at\" data-title=\"013 am 2026-04-23 at\" style=\" width:287px;\" \/><\/div><FIGCAPTION class=\"\" data-alpha=\"5\" style=\"color:#ffffff; background-color:#6f0000; font-size:140; text-align:left; font-family:Default;\" ><div class=\"grid-gallery-figcaption-wrap\" style=\"\"><\/div><\/FIGCAPTION><\/FIGURE><FIGURE class=\"grid-gallery-caption\" data-grid-gallery-type=\"quarter-slide-up\" data-index=\"13\" style=\"display:none;border-radius:200;; margin:10.3px; width:2870;\" ><div class=\"crop\" style=\"\"><img decoding=\"async\" src=\"https:\/\/vs-st-kanzian.ksn.at\/wp-content\/uploads\/2026\/04\/014-am-2026-04-23-at--287x383.jpeg\" class=\"ggImg\" alt=\"014 am 2026-04-23 at\" title=\"014 am 2026-04-23 at\" data-description=\"014 am 2026-04-23 at\" data-caption=\"014 am 2026-04-23 at\" data-title=\"014 am 2026-04-23 at\" style=\" width:287px;\" \/><\/div><FIGCAPTION class=\"\" data-alpha=\"5\" style=\"color:#ffffff; background-color:#6f0000; font-size:140; text-align:left; font-family:Default;\" ><div class=\"grid-gallery-figcaption-wrap\" style=\"\"><\/div><\/FIGCAPTION><\/FIGURE><FIGURE class=\"grid-gallery-caption\" data-grid-gallery-type=\"quarter-slide-up\" data-index=\"14\" style=\"display:none;border-radius:200;; margin:10.3px; width:2870;\" ><div class=\"crop\" style=\"\"><img decoding=\"async\" src=\"https:\/\/vs-st-kanzian.ksn.at\/wp-content\/uploads\/2026\/04\/015-am-2026-04-23-at--287x383.jpeg\" class=\"ggImg\" alt=\"015 am 2026-04-23 at\" title=\"015 am 2026-04-23 at\" data-description=\"015 am 2026-04-23 at\" data-caption=\"015 am 2026-04-23 at\" data-title=\"015 am 2026-04-23 at\" style=\" width:287px;\" \/><\/div><FIGCAPTION class=\"\" data-alpha=\"5\" style=\"color:#ffffff; background-color:#6f0000; font-size:140; text-align:left; font-family:Default;\" ><div class=\"grid-gallery-figcaption-wrap\" style=\"\"><\/div><\/FIGCAPTION><\/FIGURE><FIGURE class=\"grid-gallery-caption\" data-grid-gallery-type=\"quarter-slide-up\" data-index=\"15\" style=\"display:none;border-radius:200;; margin:10.3px; width:2870;\" ><div class=\"crop\" style=\"\"><img decoding=\"async\" src=\"https:\/\/vs-st-kanzian.ksn.at\/wp-content\/uploads\/2026\/04\/016-am-2026-04-23-at--287x383.jpeg\" class=\"ggImg\" alt=\"016 am 2026-04-23 at\" title=\"016 am 2026-04-23 at\" data-description=\"016 am 2026-04-23 at\" data-caption=\"016 am 2026-04-23 at\" data-title=\"016 am 2026-04-23 at\" style=\" width:287px;\" \/><\/div><FIGCAPTION class=\"\" data-alpha=\"5\" style=\"color:#ffffff; background-color:#6f0000; font-size:140; text-align:left; font-family:Default;\" ><div class=\"grid-gallery-figcaption-wrap\" style=\"\"><\/div><\/FIGCAPTION><\/FIGURE><FIGURE class=\"grid-gallery-caption\" data-grid-gallery-type=\"quarter-slide-up\" data-index=\"16\" style=\"display:none;border-radius:200;; margin:10.3px; width:2870;\" ><div class=\"crop\" style=\"\"><img decoding=\"async\" src=\"https:\/\/vs-st-kanzian.ksn.at\/wp-content\/uploads\/2026\/04\/017-am-2026-04-23-at--287x383.jpeg\" class=\"ggImg\" alt=\"017 am 2026-04-23 at\" title=\"017 am 2026-04-23 at\" data-description=\"017 am 2026-04-23 at\" data-caption=\"017 am 2026-04-23 at\" data-title=\"017 am 2026-04-23 at\" style=\" width:287px;\" \/><\/div><FIGCAPTION class=\"\" data-alpha=\"5\" style=\"color:#ffffff; background-color:#6f0000; font-size:140; text-align:left; font-family:Default;\" ><div class=\"grid-gallery-figcaption-wrap\" style=\"\"><\/div><\/FIGCAPTION><\/FIGURE> <div class=\"grid-gallery-clearfix\"><\/div> <\/div> <div class=\"gallery-sharing-bottom\" style=\"display:none;\"> <\/div> <div class=\"gallery-sharing-image\" style=\"display:none;\"> <\/div> <div class=\"gallery-sharing-popup\" style=\"display:none;\"> <\/div> <div class=\"grid-gallery-clearfix\"><\/div> <\/div> <!-- Gallery by Supsystic plugin1.16.0 --><a title=\"Best Wordpress Gallery Plugin\" style=\"display:none;\" href=\"https:\/\/supsystic.com\/plugins\/photo-gallery\/?utm_medium=love_link\" target=\"_blank\">Best Wordpress Gallery Plugin<\/a>\n","protected":false},"excerpt":{"rendered":"<p>Volksschule und Kindergarten sind sanierungsbed\u00fcrftig und werden derzeit in drei Baustufen baulich zu einer gemeinsamen Bildungseinrichtung miteinander verbunden. Damit sollen k\u00fcnftig 260 Kinder in Kindergarten, Schule und Kindertagesst\u00e4tten betreut werden. Geplant wurde das Projekt von der Klagenfurter Architektin Barbara Frediani-Gasser.<\/p>\n","protected":false},"author":1,"featured_media":0,"parent":0,"menu_order":0,"comment_status":"closed","ping_status":"closed","template":"","meta":{"footnotes":""},"class_list":["post-19991","page","type-page","status-publish","hentry"],"_links":{"self":[{"href":"https:\/\/vs-st-kanzian.ksn.at\/index.php?rest_route=\/wp\/v2\/pages\/19991","targetHints":{"allow":["GET"]}}],"collection":[{"href":"https:\/\/vs-st-kanzian.ksn.at\/index.php?rest_route=\/wp\/v2\/pages"}],"about":[{"href":"https:\/\/vs-st-kanzian.ksn.at\/index.php?rest_route=\/wp\/v2\/types\/page"}],"author":[{"embeddable":true,"href":"https:\/\/vs-st-kanzian.ksn.at\/index.php?rest_route=\/wp\/v2\/users\/1"}],"replies":[{"embeddable":true,"href":"https:\/\/vs-st-kanzian.ksn.at\/index.php?rest_route=%2Fwp%2Fv2%2Fcomments&post=19991"}],"version-history":[{"count":8,"href":"https:\/\/vs-st-kanzian.ksn.at\/index.php?rest_route=\/wp\/v2\/pages\/19991\/revisions"}],"predecessor-version":[{"id":20016,"href":"https:\/\/vs-st-kanzian.ksn.at\/index.php?rest_route=\/wp\/v2\/pages\/19991\/revisions\/20016"}],"wp:attachment":[{"href":"https:\/\/vs-st-kanzian.ksn.at\/index.php?rest_route=%2Fwp%2Fv2%2Fmedia&parent=19991"}],"curies":[{"name":"wp","href":"https:\/\/api.w.org\/{rel}","templated":true}]}}