{"id":3003,"date":"2015-05-18T15:04:59","date_gmt":"2015-05-18T13:04:59","guid":{"rendered":"http:\/\/www.vs-st-kanzian.ksn.at\/?page_id=3003"},"modified":"2024-09-25T17:37:10","modified_gmt":"2024-09-25T15:37:10","slug":"motorikpark","status":"publish","type":"page","link":"https:\/\/vs-st-kanzian.ksn.at\/?page_id=3003","title":{"rendered":"Bewegungsparcour"},"content":{"rendered":"<p>Sehr geehrte Eltern, liebe Erziehungsberechtigte!<\/p>\n<p>Wir freuen uns sehr \u00fcber die Errichtung des Bewegungsparcours im Schulhof der Volksschule und bedanken uns herzlich bei der Gemeinde f\u00fcr den Bau und die Finanzierung.<\/p>\n<p>Die Ger\u00e4te bieten eine Vielzahl an Bewegungsm\u00f6glichkeiten. In spielerischer Weise werden Motorik, Geschicklichkeit, Gleichgewicht, Koordination und Kraft trainiert.<\/p>\n<p>W\u00e4hrend der Unterrichts- und Pausenzeiten kann die Anlage von Sch\u00fclerinnen und Sch\u00fclern unter Beaufsichtigung von Lehrpersonen sowie anderen Personen, denen seitens der Direktion eine Beaufsichtigung \u00fcbertragen wurde, benutzt werden. Auch f\u00fcr Kinder, die am Nachmittag den Hort oder die Schulische Tagesbetreuung besuchen, bietet die Anlage, unter Beaufsichtigung der Betreuerinnen, viele Bewegungsm\u00f6glichkeiten.<br \/>\n<strong>F\u00fcr Kinder, die nach Beendigung des Unterrichts oder am Nachmittag den Bewegungsparcour nutzen, erfolgt von<\/strong> <strong>Seiten der Schule oder des Hortes keine Beaufsichtigung!<\/strong><br \/>\nDa der Platz \u00f6ffentlich zug\u00e4nglich ist, haben abseits der Unterrichts- und Hortzeiten <strong>Eltern und Erziehungsberechtigte f\u00fcr die Beaufsichtigung Sorge zu tragen! <\/strong><\/p>\n<p><strong>Um sich vor Unf\u00e4llen zu sch\u00fctzen und den Bewegungsparcour m\u00f6glichst lange in gutem Zustand zu erhalten, bedarf es einiger grunds\u00e4tzlicher Regeln:<\/strong><\/p>\n<ul>\n<li><strong>Bei Regen, N\u00e4sse und Feuchtigkeit besteht erh\u00f6hte Unfallgefahr!<\/strong><\/li>\n<li><strong>Bei Eis und Schnee ist die Ben\u00fctzung untersagt!<\/strong><\/li>\n<li><strong>Das Dr\u00e4ngen und Sto\u00dfen an und auf den Ger\u00e4ten ist verboten!<\/strong><\/li>\n<li><strong>Sicherheitsabstand zur gro\u00dfen Schaukel (Rammbock) einhalten!<\/strong><\/li>\n<li><strong>Die Anlage ist sauber zu halten und ordentlich zu verlassen!<\/strong><\/li>\n<li><strong>Der Aufenthalt mit Hunden ist in der Anlage nicht gestattet!<\/strong><strong><br \/>\n<\/strong><\/li>\n<\/ul>\n<p>Wir danken f\u00fcr das Verst\u00e4ndnis und w\u00fcnschen viel Freude und Spa\u00df bei der Ben\u00fctzung des Bewegungsparcours der Volksschule St. Kanzian!<br \/>\n<div id=\"grid-gallery-12-34710\" data-gg-id=\"12\" data-title=\"Bewegungsparkour\" data-grid-type=\"2\" data-offset=\"10.3\" data-area-position=\"center\" data-icons=\"\" data-preloader=\"true\" data-width=\"auto\" data-height=\"215\" data-padding=\"0\" data-quicksand=\"disabled\" data-quicksand-duration=\"none\" data-popup-theme=\"theme_1\" data-popup-type=\"colorbox\" data-popup-fadeOut=\"300\" data-popup-captions=\"hide\" data-popup-image-text=\"data-description\" data-popup-widthsize=\"auto\" data-popup-heightsize=\"auto\" data-popup-i18n-words=\"{&quot;close&quot;:&quot;schlie\\u00dfen&quot;,&quot;next&quot;:&quot;n\\u00e4chste&quot;,&quot;previous&quot;:&quot;vorherige&quot;,&quot;start_slideshow&quot;:&quot;Starte Slideshow&quot;,&quot;stop_slideshow&quot;:&quot;Stoppe Slideshow&quot;,&quot;image&quot;:&quot;Bild&quot;,&quot;of&quot;:&quot;von&quot;,&quot;prev&quot;:&quot;vorherige&quot;,&quot;cExpand&quot;:&quot;Erweitere&quot;,&quot;cPrevious&quot;:&quot;Vorheriges&quot;,&quot;cNext&quot;:&quot;N\\u00e4chstes&quot;,&quot;cExpandStr&quot;:&quot;Erweitere Bild&quot;,&quot;cRotate&quot;:&quot;Rotate&quot;,&quot;cDetails&quot;:&quot;Details&quot;}\" data-popup-slideshow=\"true\" data-popup-slideshow-speed=\"4000\" data-popup-hoverstop=\"true\" data-popup-slideshow-auto=\"true\" data-popup-background=\"\" data-popup-transparency=\"30\" data-popup-disable-history=\"\" data-popup-disable-changed-url=\"\" data-popup-border-type=\"solid\" data-popup-border-color=\"\" data-popup-border-width=\"\" data-popup-border-enable=\"\" data-fullscreen=\"false\" data-hide-tooltip=\"true\" data-caption-font-family=\"Default\" data-caption-text-size=\"140\" data-is-mobile=\"0\" data-caption-mobile=\"false\" data-hide-long-tltp-title=\"0\" data-caption-disabled-on-mobile=\"false\" data-popup-placement-type=\"0\" data-social-sharing=\"{&quot;enabled&quot;:&quot;&quot;,&quot;gallerySharing&quot;:{&quot;enabled&quot;:null,&quot;position&quot;:null},&quot;imageSharing&quot;:{&quot;enabled&quot;:null,&quot;wrapperClass&quot;:&quot; vertical &quot;},&quot;popupSharing&quot;:{&quot;enabled&quot;:null,&quot;wrapperClass&quot;:&quot; vertical &quot;}}\" class=\"grid-gallery grid-gallery-fixed \" style=\" width:100%; height:auto; margin-left:auto; margin-right:auto;position:relative;\"> <div class=\"gallery-loading\"> <div class=\"blocks\"> <div class=\"block\"><\/div> <div class=\"block\"><\/div> <div class=\"block\"><\/div> <div class=\"block\"><\/div> <\/div> <\/div> <div class=\"gallery-sharing-top\" style=\"display:none;\"> <\/div> <div id=\"photos-12\" class=\"grid-gallery-photos\"><FIGURE class=\"grid-gallery-caption\" data-grid-gallery-type=\"quarter-two-step\" data-index=\"0\" style=\"display:none;border-radius:200;; margin:5.15px; height:2150; width:auto;\" ><div class=\"crop\" style=\"\"><img decoding=\"async\" src=\"https:\/\/vs-st-kanzian.ksn.at\/wp-content\/uploads\/2015\/05\/2015Motorikpark04-287x215.jpg\" class=\"ggImg ggNotInitImg\" alt=\"2015Bewegungsparkour04\" title=\"2015Motorikpark04\" data-description=\"2015Motorikpark04\" data-caption=\"2015Motorikpark04\" data-title=\"2015Motorikpark04\" style=\" height:215px; width:auto;\" \/><\/div><FIGCAPTION class=\"\" data-alpha=\"5\" style=\"color:#ffffff; background-color:#000000; font-size:140; text-align:left; font-family:Default;\" ><div class=\"grid-gallery-figcaption-wrap\" style=\"\"><\/div><\/FIGCAPTION><\/FIGURE><FIGURE class=\"grid-gallery-caption\" data-grid-gallery-type=\"quarter-two-step\" data-index=\"1\" style=\"display:none;border-radius:200;; margin:5.15px; height:2150; width:auto;\" ><div class=\"crop\" style=\"\"><img decoding=\"async\" src=\"https:\/\/vs-st-kanzian.ksn.at\/wp-content\/uploads\/2015\/05\/2015Motorikpark06-287x215.jpg\" class=\"ggImg ggNotInitImg\" alt=\"2015Bewegungsparkour06\" title=\"2015Bewegungsparkour06\" data-description=\"2015Bewegungsparkour06\" data-caption=\"2015Bewegungsparkour06\" data-title=\"2015Bewegungsparkour06\" style=\" height:215px; width:auto;\" \/><\/div><FIGCAPTION class=\"\" data-alpha=\"5\" style=\"color:#ffffff; background-color:#000000; font-size:140; text-align:left; font-family:Default;\" ><div class=\"grid-gallery-figcaption-wrap\" style=\"\"><\/div><\/FIGCAPTION><\/FIGURE><FIGURE class=\"grid-gallery-caption\" data-grid-gallery-type=\"quarter-two-step\" data-index=\"2\" style=\"display:none;border-radius:200;; margin:5.15px; height:2150; width:auto;\" ><div class=\"crop\" style=\"\"><img decoding=\"async\" src=\"https:\/\/vs-st-kanzian.ksn.at\/wp-content\/uploads\/2015\/05\/2015Motorikpark05-287x215.jpg\" class=\"ggImg ggNotInitImg\" alt=\"2015Bewegungsparkour05\" title=\"2015Motorikpark05\" data-description=\"2015Motorikpark05\" data-caption=\"2015Motorikpark05\" data-title=\"2015Motorikpark05\" style=\" height:215px; width:auto;\" \/><\/div><FIGCAPTION class=\"\" data-alpha=\"5\" style=\"color:#ffffff; background-color:#000000; font-size:140; text-align:left; font-family:Default;\" ><div class=\"grid-gallery-figcaption-wrap\" style=\"\"><\/div><\/FIGCAPTION><\/FIGURE><FIGURE class=\"grid-gallery-caption\" data-grid-gallery-type=\"quarter-two-step\" data-index=\"3\" style=\"display:none;border-radius:200;; margin:5.15px; height:2150; width:auto;\" ><div class=\"crop\" style=\"\"><img decoding=\"async\" src=\"https:\/\/vs-st-kanzian.ksn.at\/wp-content\/uploads\/2015\/05\/2015Motorikpark03-287x215.jpg\" class=\"ggImg ggNotInitImg\" alt=\"2015Bewegungsparkour03\" title=\"2015Motorikpark03\" data-description=\"2015Motorikpark03\" data-caption=\"2015Motorikpark03\" data-title=\"2015Motorikpark03\" style=\" height:215px; width:auto;\" \/><\/div><FIGCAPTION class=\"\" data-alpha=\"5\" style=\"color:#ffffff; background-color:#000000; font-size:140; text-align:left; font-family:Default;\" ><div class=\"grid-gallery-figcaption-wrap\" style=\"\"><\/div><\/FIGCAPTION><\/FIGURE><FIGURE class=\"grid-gallery-caption\" data-grid-gallery-type=\"quarter-two-step\" data-index=\"4\" style=\"display:none;border-radius:200;; margin:5.15px; height:2150; width:auto;\" ><div class=\"crop\" style=\"\"><img decoding=\"async\" src=\"https:\/\/vs-st-kanzian.ksn.at\/wp-content\/uploads\/2015\/05\/2015Motorikpark02-287x215.jpg\" class=\"ggImg ggNotInitImg\" alt=\"2015Bewegungsparkour02\" title=\"2015Motorikpark02\" data-description=\"2015Motorikpark02\" data-caption=\"2015Motorikpark02\" data-title=\"2015Motorikpark02\" style=\" height:215px; width:auto;\" \/><\/div><FIGCAPTION class=\"\" data-alpha=\"5\" style=\"color:#ffffff; background-color:#000000; font-size:140; text-align:left; font-family:Default;\" ><div class=\"grid-gallery-figcaption-wrap\" style=\"\"><\/div><\/FIGCAPTION><\/FIGURE><FIGURE class=\"grid-gallery-caption\" data-grid-gallery-type=\"quarter-two-step\" data-index=\"5\" style=\"display:none;border-radius:200;; margin:5.15px; height:2150; width:auto;\" ><div class=\"crop\" style=\"\"><img decoding=\"async\" src=\"https:\/\/vs-st-kanzian.ksn.at\/wp-content\/uploads\/2015\/05\/2015Motorikpark01-287x215.jpg\" class=\"ggImg ggNotInitImg\" alt=\"2015Bewegungsparkour01\" title=\"2015Motorikpark01\" data-description=\"2015Motorikpark01\" data-caption=\"2015Motorikpark01\" data-title=\"2015Motorikpark01\" style=\" height:215px; width:auto;\" \/><\/div><FIGCAPTION class=\"\" data-alpha=\"5\" style=\"color:#ffffff; background-color:#000000; font-size:140; text-align:left; font-family:Default;\" ><div class=\"grid-gallery-figcaption-wrap\" style=\"\"><\/div><\/FIGCAPTION><\/FIGURE><FIGURE class=\"grid-gallery-caption\" data-grid-gallery-type=\"quarter-two-step\" data-index=\"6\" style=\"display:none;border-radius:200;; margin:5.15px; height:2150; width:auto;\" ><div class=\"crop\" style=\"\"><img decoding=\"async\" src=\"https:\/\/vs-st-kanzian.ksn.at\/wp-content\/uploads\/2017\/12\/Winter7-382x215.jpg\" class=\"ggImg ggNotInitImg\" alt=\"Winter7\" title=\"Winter7\" data-description=\"Winter7\" data-caption=\"Winter7\" data-title=\"Winter7\" style=\" height:215px; width:auto;\" \/><\/div><FIGCAPTION class=\"\" data-alpha=\"5\" style=\"color:#ffffff; background-color:#000000; font-size:140; text-align:left; font-family:Default;\" ><div class=\"grid-gallery-figcaption-wrap\" style=\"\"><\/div><\/FIGCAPTION><\/FIGURE><FIGURE class=\"grid-gallery-caption\" data-grid-gallery-type=\"quarter-two-step\" data-index=\"7\" style=\"display:none;border-radius:200;; margin:5.15px; height:2150; width:auto;\" ><div class=\"crop\" style=\"\"><img decoding=\"async\" src=\"https:\/\/vs-st-kanzian.ksn.at\/wp-content\/uploads\/2017\/12\/Winter1-e1513762012483-382x215.jpg\" class=\"ggImg ggNotInitImg\" alt=\"Winter1\" title=\"Winter1\" data-description=\"Winter1\" data-caption=\"Winter1\" data-title=\"Winter1\" style=\" height:215px; width:auto;\" \/><\/div><FIGCAPTION class=\"\" data-alpha=\"5\" style=\"color:#ffffff; background-color:#000000; font-size:140; text-align:left; font-family:Default;\" ><div class=\"grid-gallery-figcaption-wrap\" style=\"\"><\/div><\/FIGCAPTION><\/FIGURE> <div class=\"grid-gallery-clearfix\"><\/div> <\/div> <div class=\"gallery-sharing-bottom\" style=\"display:none;\"> <\/div> <div class=\"gallery-sharing-image\" style=\"display:none;\"> <\/div> <div class=\"gallery-sharing-popup\" style=\"display:none;\"> <\/div> <div class=\"grid-gallery-clearfix\"><\/div> <\/div> <!-- Gallery by Supsystic plugin1.16.0 --><a title=\"Best Wordpress Gallery Plugin\" style=\"display:none;\" href=\"https:\/\/supsystic.com\/plugins\/photo-gallery\/?utm_medium=love_link\" target=\"_blank\">Best Wordpress Gallery Plugin<\/a><\/p>\n","protected":false},"excerpt":{"rendered":"<p>Sehr geehrte Eltern, liebe Erziehungsberechtigte! Wir freuen uns sehr \u00fcber die Errichtung des Bewegungsparcours im Schulhof der Volksschule und bedanken uns herzlich bei der Gemeinde f\u00fcr den Bau und die Finanzierung. Die Ger\u00e4te bieten eine Vielzahl an Bewegungsm\u00f6glichkeiten. In spielerischer<\/p>\n","protected":false},"author":1,"featured_media":0,"parent":0,"menu_order":46,"comment_status":"closed","ping_status":"closed","template":"","meta":{"footnotes":""},"class_list":["post-3003","page","type-page","status-publish","hentry"],"_links":{"self":[{"href":"https:\/\/vs-st-kanzian.ksn.at\/index.php?rest_route=\/wp\/v2\/pages\/3003","targetHints":{"allow":["GET"]}}],"collection":[{"href":"https:\/\/vs-st-kanzian.ksn.at\/index.php?rest_route=\/wp\/v2\/pages"}],"about":[{"href":"https:\/\/vs-st-kanzian.ksn.at\/index.php?rest_route=\/wp\/v2\/types\/page"}],"author":[{"embeddable":true,"href":"https:\/\/vs-st-kanzian.ksn.at\/index.php?rest_route=\/wp\/v2\/users\/1"}],"replies":[{"embeddable":true,"href":"https:\/\/vs-st-kanzian.ksn.at\/index.php?rest_route=%2Fwp%2Fv2%2Fcomments&post=3003"}],"version-history":[{"count":30,"href":"https:\/\/vs-st-kanzian.ksn.at\/index.php?rest_route=\/wp\/v2\/pages\/3003\/revisions"}],"predecessor-version":[{"id":17457,"href":"https:\/\/vs-st-kanzian.ksn.at\/index.php?rest_route=\/wp\/v2\/pages\/3003\/revisions\/17457"}],"wp:attachment":[{"href":"https:\/\/vs-st-kanzian.ksn.at\/index.php?rest_route=%2Fwp%2Fv2%2Fmedia&parent=3003"}],"curies":[{"name":"wp","href":"https:\/\/api.w.org\/{rel}","templated":true}]}}