{"id":372,"date":"2014-09-02T11:06:05","date_gmt":"2014-09-02T09:06:05","guid":{"rendered":"http:\/\/www.vs-st-kanzian.ksn.at\/?page_id=372"},"modified":"2017-11-13T18:50:47","modified_gmt":"2017-11-13T16:50:47","slug":"mein-koerper-und-ich","status":"publish","type":"page","link":"https:\/\/vs-st-kanzian.ksn.at\/?page_id=372","title":{"rendered":"K\u00f6rper und Gesundheit"},"content":{"rendered":"<p><a href=\"http:\/\/www.unserkoerper.de\/\" target=\"_blank\" rel=\"noopener\">Mein K\u00f6rper und ich<br \/>\n<\/a><a href=\"http:\/\/www.mallig.eduvinet.de\/bio\/programe\/koerper5.htm\" target=\"_blank\" rel=\"noopener\">ABC des K\u00f6rpers<br \/>\n<\/a><a href=\"http:\/\/www.medienwerkstatt-online.de\/lws_wissen\/index.php?level=1&amp;kategorie_1=Menschlicher+K%F6rper\" target=\"_blank\" rel=\"noopener\">Der menschliche K\u00f6rper<\/a><a href=\"http:\/\/www.mallig.eduvinet.de\/bio\/programe\/koerper5.htm\" target=\"_blank\" rel=\"noopener\"><br \/>\n<\/a><a href=\"http:\/\/aktiv4u.at\/mein_koerper_gehoert_mir.php\" target=\"_blank\" rel=\"noopener\">Mein K\u00f6rper geh\u00f6rt mir<br \/>\n<\/a><a href=\"http:\/\/www.wdrmaus.de\/elefantenseite\/eltern\/themenschwerpunkte\/themenschwerpunkte_Zaehne.php5?startVideo=1&amp;startPicture=&amp;dslSrc=rtmp:\/\/gffstream.fcod.llnwd.net\/a792\/e2\/mediendb\/elefant_online\/videos\/elefantenseite-neu\/Elternseiten\/Themenschwerpunkte\/fo216_zahnspezial_internet_neu_web-m.mp4&amp;overlayPic=http:\/\/www.wdrmaus.de\/elefantenseite\/codebase\/images\/video_overlay.png&amp;autoPlay=true&amp;autoCount=true&amp;mediaType=video&amp;useFLVPlayback=0&amp;base=http:\/\/www.wdrmaus.de\/elefantenseite\/codebase\/video\/#Videoplayer1\" target=\"_blank\" rel=\"noopener\">Rund um die Z\u00e4hne<br \/>\n<\/a><a href=\"http:\/\/www.lagz-bw.de\/lagz\/7.Spiel\/ritterspiel\/index.html\" target=\"_blank\" rel=\"noopener\">Zahnasien<br \/>\n<\/a><a href=\"http:\/\/www.medizin-fuer-kids.de\/fitnessstudio\/flash\/zahnquiz_content.html\" target=\"_blank\" rel=\"noopener\">Zahngesundheitsquiz<\/a><a href=\"http:\/\/www.medizin-fuer-kids.de\/fitnessstudio\/flash\/zahnquiz_content.html\" target=\"_blank\" rel=\"noopener\"><br \/>\n<\/a><a href=\"http:\/\/www.kinderzahnarztpraxis.de\/Kinder\/felix.htm\" target=\"_blank\" rel=\"noopener\">Beim Zahnarzt<br \/>\n<\/a><a href=\"http:\/\/www.medizin-fuer-kids.de\/fitnessstudio\/fitnessstudio.htm\" target=\"_blank\" rel=\"noopener\">Medizin f\u00fcr Kids<br \/>\n<\/a><a href=\"http:\/\/www.primolo.de\/node\/30096\" target=\"_blank\" rel=\"noopener\">Besuch im Krei\u00dfsaal<\/a><\/p>\n<div style=\"text-align: left;\">\n<div>\n<div style=\"text-align: left;\"><a href=\"http:\/\/www.kidsweb.de\/gesundheits_spezial\/fruehstueck_mit_grips.html\" target=\"_blank\" rel=\"noopener\">Fr\u00fchst\u00fcck<\/a><\/div>\n<div style=\"text-align: left;\"><a href=\"http:\/\/www.kindernetz.de\/infonetz\/ernaehrung\/ernaehrung\/-\/id=29358\/15z2z4g\/index.html\" target=\"_blank\" rel=\"noopener\">Du bist, was du istt!<\/a><\/div>\n<div style=\"text-align: left;\"><a href=\"http:\/\/www.rezepte-und-tipps.de\/Kinderrezept\/\" target=\"_blank\" rel=\"noopener\">Kinderrezepte<\/a><\/div>\n<div style=\"text-align: left;\"><\/div>\n<div style=\"text-align: left;\"><a href=\"http:\/\/www.kidsweb.de\/gesundheits_spezial\/gesundheits_spezial.html\" target=\"_blank\" rel=\"noopener\">Gesund und fit<\/a><\/div>\n<p><a href=\"http:\/\/www.kinderspiele-welt.de\/spiele-fur-drausen\" target=\"_blank\" rel=\"noopener\">Spiele f\u00fcr drau\u00dfen<br \/>\n<\/a><\/p>\n<\/div>\n<\/div>\n","protected":false},"excerpt":{"rendered":"<p>Mein K\u00f6rper und ich ABC des K\u00f6rpers Der menschliche K\u00f6rper Mein K\u00f6rper geh\u00f6rt mir Rund um die Z\u00e4hne Zahnasien Zahngesundheitsquiz Beim Zahnarzt Medizin f\u00fcr Kids Besuch im Krei\u00dfsaal Fr\u00fchst\u00fcck Du bist, was du istt! Kinderrezepte Gesund und fit Spiele f\u00fcr<\/p>\n","protected":false},"author":1,"featured_media":0,"parent":0,"menu_order":67,"comment_status":"closed","ping_status":"open","template":"","meta":{"footnotes":""},"class_list":["post-372","page","type-page","status-publish","hentry"],"_links":{"self":[{"href":"https:\/\/vs-st-kanzian.ksn.at\/index.php?rest_route=\/wp\/v2\/pages\/372","targetHints":{"allow":["GET"]}}],"collection":[{"href":"https:\/\/vs-st-kanzian.ksn.at\/index.php?rest_route=\/wp\/v2\/pages"}],"about":[{"href":"https:\/\/vs-st-kanzian.ksn.at\/index.php?rest_route=\/wp\/v2\/types\/page"}],"author":[{"embeddable":true,"href":"https:\/\/vs-st-kanzian.ksn.at\/index.php?rest_route=\/wp\/v2\/users\/1"}],"replies":[{"embeddable":true,"href":"https:\/\/vs-st-kanzian.ksn.at\/index.php?rest_route=%2Fwp%2Fv2%2Fcomments&post=372"}],"version-history":[{"count":30,"href":"https:\/\/vs-st-kanzian.ksn.at\/index.php?rest_route=\/wp\/v2\/pages\/372\/revisions"}],"predecessor-version":[{"id":7595,"href":"https:\/\/vs-st-kanzian.ksn.at\/index.php?rest_route=\/wp\/v2\/pages\/372\/revisions\/7595"}],"wp:attachment":[{"href":"https:\/\/vs-st-kanzian.ksn.at\/index.php?rest_route=%2Fwp%2Fv2%2Fmedia&parent=372"}],"curies":[{"name":"wp","href":"https:\/\/api.w.org\/{rel}","templated":true}]}}