{"id":380,"date":"2014-09-02T11:09:34","date_gmt":"2014-09-02T09:09:34","guid":{"rendered":"http:\/\/www.vs-st-kanzian.ksn.at\/?page_id=380"},"modified":"2021-10-20T16:39:58","modified_gmt":"2021-10-20T14:39:58","slug":"natur-und-umwelt","status":"publish","type":"page","link":"https:\/\/vs-st-kanzian.ksn.at\/?page_id=380","title":{"rendered":"Natur und Umwelt"},"content":{"rendered":"<table style=\"border-collapse: collapse; width: 100%; height: 352px;\">\n<tbody>\n<tr style=\"height: 352px;\">\n<td style=\"width: 50%; text-align: left; vertical-align: top; height: 352px;\"><a href=\"http:\/\/www.nabu.de\/naturerleben\/onlinevogelfuehrer\/\" target=\"_blank\" rel=\"noopener noreferrer\">Online-Vogelf\u00fchrer<\/a><\/p>\n<p><a href=\"http:\/\/kids.greenpeace.de\/\" target=\"_blank\" rel=\"noopener noreferrer\">Greenpeace-Nachrichten<\/a><\/p>\n<p><a href=\"http:\/\/www.insektenbox.de\/\" target=\"_blank\" rel=\"noopener noreferrer\">Insektenbox<\/a><\/p>\n<p><a href=\"http:\/\/www.schwalbenschwanz.ch\/schwalbenschwanz-index.html\" target=\"_blank\" rel=\"noopener noreferrer\">Schmetterlinge<\/a><\/p>\n<p><a href=\"https:\/\/naturdetektive.bfn.de\/lexikon\/tiere\/weichtiere-nesseltiere\/regenwuermer.html\" target=\"_blank\" rel=\"noopener noreferrer\">Naturdetektive: Regenw\u00fcrmer<\/a><\/p>\n<p><a href=\"http:\/\/www.medienwerkstatt-online.de\/lws_wissen\/index.php?level=2&amp;kategorie_1=Pflanzen&amp;kategorie_2=Wald\" target=\"_blank\" rel=\"noopener noreferrer\">Der Wald<\/a><\/p>\n<p><a href=\"https:\/\/www.zdf.de\/kinder\/loewenzahn\/geheimnisvolle-baeume-102.html\" target=\"_blank\" rel=\"noopener noreferrer\">Geheimnisvolle B\u00e4ume<\/a><\/p>\n<p><a href=\"http:\/\/www.baumkunde.de\/baumbestimmung\/\" target=\"_blank\" rel=\"noopener noreferrer\">Baumbestimmung<\/a><\/p>\n<p><a href=\"https:\/\/klexikon.zum.de\/wiki\/Pilze\" target=\"_blank\" rel=\"noopener noreferrer\">Klexikon &#8211; Pilze<\/a><\/p>\n<p><a href=\"https:\/\/naturdetektive.bfn.de\/lexikon\/pflanzen\/pilze.html\" target=\"_blank\" rel=\"noopener noreferrer\">Naturdetektive &#8211; Pilze<\/a><\/p>\n<p><a href=\"https:\/\/www.geo.de\/geolino\/natur-und-umwelt\/4135-rtkl-pilze-planet-der-pilze\" target=\"_blank\" rel=\"noopener noreferrer\">Planet der Pilze<\/a><\/p>\n<p><a href=\"https:\/\/www.nabu.de\/tiere-und-pflanzen\/aktionen-und-projekte\/stunde-der-gartenvoegel\/vogelportraets\/index.html\" target=\"_blank\" rel=\"noopener noreferrer\">Die 40 h\u00e4ufigsten Gartenvogelarten<\/a><\/p>\n<p><a href=\"https:\/\/www.wald.de\/\" target=\"_blank\" rel=\"noopener\">Waldspiele<\/a><\/p>\n<p>&nbsp;<\/td>\n<td style=\"width: 50%; text-align: left; vertical-align: top; height: 352px;\"><a href=\"https:\/\/www.zdf.de\/kinder\/logo\/erklaerstueck-erneuerbare-energien-100.html\" target=\"_blank\" rel=\"noopener noreferrer\">Erneuerbare Energie<\/a><\/p>\n<p><a href=\"https:\/\/spielpaedagogik.wordpress.com\/2013\/03\/31\/umweltspiele-und-kleine-experimente-mit-erde\/\">Umweltspiele und Experimente mit Erde<\/a><\/p>\n<p><a href=\"http:\/\/vulkanschule.de\/\" target=\"_blank\" rel=\"noopener noreferrer\">Vulkanschule<\/a><\/p>\n<p><a href=\"http:\/\/www.nordmeerforscher.de\/\" target=\"_blank\" rel=\"noopener noreferrer\">Nordmeerforscher<\/a><\/p>\n<p><a href=\"http:\/\/www.multiverso.de\" target=\"_blank\" rel=\"noopener noreferrer\">Unser Sonnensystem<\/a><\/p>\n<p><a href=\"http:\/\/www.medienwerkstatt-online.de\/lws_wissen\/index.php?action=SUCHEN&amp;searchtext=m%FCll\" target=\"_blank\" rel=\"noopener noreferrer\">Thema: M\u00fcll<\/a><\/p>\n<p><a href=\"http:\/\/www.naturdetektive.de\/fileadmin\/NATDET\/documents\/Kapitel_1-10\/15884-17339-1-kapitel_10_muell.pdf\" target=\"_blank\" rel=\"noopener noreferrer\">Was passiert mit unserem M\u00fcll?<\/a><\/p>\n<p><a href=\"https:\/\/www.oekoleo.de\/klima-umwelt\/artikel\/recycling-schaetze-aus-der-muelltonne\/\" target=\"_blank\" rel=\"noopener noreferrer\">\u00d6KOLEO: Sch\u00e4tze aus der M\u00fclltonne<\/a><\/p>\n<p><a href=\"https:\/\/www.lehrer-online.de\/unterricht\/grundschule\/sachunterricht\/natur-und-umwelt\/arbeitsmaterial\/am\/umweltschutz-durch-muelltrennung-und-muellvermeidung-interaktive-uebungen\/\" target=\"_blank\" rel=\"noopener noreferrer\">M\u00fclltrennung<\/a><\/p>\n<p><a href=\"https:\/\/www.zdf.de\/kinder\/logo\/logo-erklaert-entsorgung-von-elektroschrott-100.html\" target=\"_blank\" rel=\"noopener noreferrer\">Elektroschrott<\/a><\/p>\n<p><a href=\"http:\/\/www.energie-macht-schule.de\/\" target=\"_blank\" rel=\"noopener noreferrer\">Energie macht Schule<\/a><\/p>\n<p><a href=\"https:\/\/www.spektrum.de\/index\/philip-haeusser-praesentiert-phils-physics\/1514105\" target=\"_blank\" rel=\"noopener noreferrer\">Physikexperimente mit Philip H\u00e4usser<\/a><\/td>\n<\/tr>\n<\/tbody>\n<\/table>\n<p>&nbsp;<\/p>\n","protected":false},"excerpt":{"rendered":"<p>Online-Vogelf\u00fchrer Greenpeace-Nachrichten Insektenbox Schmetterlinge Naturdetektive: Regenw\u00fcrmer Der Wald Geheimnisvolle B\u00e4ume Baumbestimmung Klexikon &#8211; Pilze Naturdetektive &#8211; Pilze Planet der Pilze Die 40 h\u00e4ufigsten Gartenvogelarten Waldspiele &nbsp; Erneuerbare Energie Umweltspiele und Experimente mit Erde Vulkanschule Nordmeerforscher Unser Sonnensystem Thema: M\u00fcll Was<\/p>\n","protected":false},"author":1,"featured_media":0,"parent":0,"menu_order":63,"comment_status":"closed","ping_status":"open","template":"","meta":{"footnotes":""},"class_list":["post-380","page","type-page","status-publish","hentry"],"_links":{"self":[{"href":"https:\/\/vs-st-kanzian.ksn.at\/index.php?rest_route=\/wp\/v2\/pages\/380","targetHints":{"allow":["GET"]}}],"collection":[{"href":"https:\/\/vs-st-kanzian.ksn.at\/index.php?rest_route=\/wp\/v2\/pages"}],"about":[{"href":"https:\/\/vs-st-kanzian.ksn.at\/index.php?rest_route=\/wp\/v2\/types\/page"}],"author":[{"embeddable":true,"href":"https:\/\/vs-st-kanzian.ksn.at\/index.php?rest_route=\/wp\/v2\/users\/1"}],"replies":[{"embeddable":true,"href":"https:\/\/vs-st-kanzian.ksn.at\/index.php?rest_route=%2Fwp%2Fv2%2Fcomments&post=380"}],"version-history":[{"count":26,"href":"https:\/\/vs-st-kanzian.ksn.at\/index.php?rest_route=\/wp\/v2\/pages\/380\/revisions"}],"predecessor-version":[{"id":13134,"href":"https:\/\/vs-st-kanzian.ksn.at\/index.php?rest_route=\/wp\/v2\/pages\/380\/revisions\/13134"}],"wp:attachment":[{"href":"https:\/\/vs-st-kanzian.ksn.at\/index.php?rest_route=%2Fwp%2Fv2%2Fmedia&parent=380"}],"curies":[{"name":"wp","href":"https:\/\/api.w.org\/{rel}","templated":true}]}}