{"id":488,"date":"2014-09-03T17:58:38","date_gmt":"2014-09-03T15:58:38","guid":{"rendered":"http:\/\/www.vs-st-kanzian.ksn.at\/?page_id=488"},"modified":"2025-12-22T11:12:01","modified_gmt":"2025-12-22T09:12:01","slug":"gesundheit-macht-schule","status":"publish","type":"page","link":"https:\/\/vs-st-kanzian.ksn.at\/?page_id=488","title":{"rendered":"Gesundheit macht Schule"},"content":{"rendered":"<p><img loading=\"lazy\" decoding=\"async\" class=\"size-full wp-image-1339 aligncenter\" src=\"https:\/\/vs-st-kanzian.ksn.at\/wp-content\/uploads\/2014\/08\/GesundheitStartseite.jpg\" alt=\"GesundheitStartseite\" width=\"615\" height=\"119\" srcset=\"https:\/\/vs-st-kanzian.ksn.at\/wp-content\/uploads\/2014\/08\/GesundheitStartseite.jpg 615w, https:\/\/vs-st-kanzian.ksn.at\/wp-content\/uploads\/2014\/08\/GesundheitStartseite-300x58.jpg 300w\" sizes=\"auto, (max-width: 615px) 100vw, 615px\" \/><\/p>\n<p>In Zusammenarbeit mit der <a href=\"https:\/\/www.sozialversicherung.at\/cdscontent\/?contentid=10007.844051&amp;portal=svportal\" target=\"_blank\" rel=\"noopener\">SERVICE STELLE GESUNDE SCHULE<\/a> der\u00a0<a href=\"https:\/\/www.gesundheitskasse.at\/cdscontent\/?contentid=10007.877661&amp;portal=oegkportal\" target=\"_blank\" rel=\"noopener\">\u00d6STERREICHISCHEN GESUNDHEITSKASSE<\/a> starteten wir an der VS St. Kanzian am Klopeiner See im Schuljahr 2013\/14 das Schulprojekt \u201eGesundheit macht Schule\u201c.<\/p>\n<p>Vor dem Computer und dem Fernseher sitzen, auf dem Handy spielen, Chips und S\u00fc\u00dfigkeiten essen, Cola und Eistee trinken, dass das f\u00fcr uns gar nicht gesund ist, wissen wir nat\u00fcrlich, und unsere Eltern und Lehrerinnen wissen es auch. Deshalb nehmen wir bereits das dritte Jahr am Schulprojekt der GKK K\u00e4rnten <strong>\u201eG\u2019sunde Lebenswelt Schule\u201c<\/strong> teil. Im Unterricht und bei Workshops lernen wir viel \u00fcber gesunde Ern\u00e4hrung, Sport, Bewegung zur Steigerung der Merk- und Lernf\u00e4higkeit, F\u00f6rderung des Einf\u00fchlungsverm\u00f6gens und Selbstbewusstseins, Teamarbeit und vieles mehr. Auch in den Pausen und zu Hause mit Eltern, Geschwistern und Freunden k\u00f6nnen wir das Gelernte anwenden. Das ist nicht nur gesund, es macht auch richtig Spa\u00df!<\/p>\n<p>Verleihung der GESUNDHEITSPLAKETTE am 11. November 2015<\/p>\n<p><a href=\"https:\/\/vs-st-kanzian.ksn.at\/wp-content\/uploads\/2014\/09\/Gesundheit_Elternbrief.pdf\" target=\"_blank\" rel=\"noopener noreferrer\">ELTERNBRIEF<\/a><\/p>\n<p><a href=\"https:\/\/www.sozialversicherung.at\/cdscontent\/?contentid=10007.844051&amp;portal=svportal\" target=\"_blank\" rel=\"noopener\">\u00d6STERREICHISCHE SOZIALVERSICHERUNG<\/a><\/p>\n<p><a href=\"https:\/\/vs-st-kanzian.ksn.at\/?page_id=3003\" target=\"_blank\" rel=\"noopener\">MOTORIKPARK<\/a><\/p>\n<p style=\"text-align: center;\"><strong>WIR MACHTEN MIT!<\/strong><\/p>\n<table style=\"border-collapse: collapse; width: 100%; height: 72px;\" border=\"1\">\n<tbody>\n<tr style=\"height: 24px;\">\n<td style=\"width: 225px; height: 24px; text-align: left; vertical-align: middle;\" scope=\"row\"><a href=\"https:\/\/vs-st-kanzian.ksn.at\/?cat=277\" target=\"_blank\" rel=\"noopener\">Schuljahr 2014\/15<\/a><\/td>\n<td style=\"width: 225px; height: 24px;\"><a href=\"https:\/\/vs-st-kanzian.ksn.at\/?cat=239\" target=\"_blank\" rel=\"noopener\">Schuljahr 2015\/16<\/a><\/td>\n<td style=\"width: 225px; height: 24px;\"><a href=\"https:\/\/vs-st-kanzian.ksn.at\/?cat=67\" target=\"_blank\" rel=\"noopener\">Schuljahr 2016\/17<\/a><\/td>\n<td style=\"width: 225px; height: 24px;\"><a href=\"https:\/\/vs-st-kanzian.ksn.at\/?cat=71\" target=\"_blank\" rel=\"noopener\">Schuljahr 2017\/18<\/a><\/td>\n<\/tr>\n<tr style=\"height: 24px;\">\n<td style=\"width: 225px; height: 24px;\"><a href=\"https:\/\/vs-st-kanzian.ksn.at\/?cat=90\" target=\"_blank\" rel=\"noopener\">Schuljahr 2018\/19<\/a><\/td>\n<td style=\"width: 225px; height: 24px;\"><a href=\"https:\/\/vs-st-kanzian.ksn.at\/?cat=114\" target=\"_blank\" rel=\"noopener\">Schuljahr 2019\/20<\/a><\/td>\n<td style=\"width: 225px; height: 24px;\"><a href=\"https:\/\/vs-st-kanzian.ksn.at\/?cat=130\">Schuljahr 2020\/21<\/a><\/td>\n<td style=\"width: 225px; height: 24px;\"><a href=\"https:\/\/vs-st-kanzian.ksn.at\/?cat=238\" target=\"_blank\" rel=\"noopener\">Schuljahr 2021\/22<\/a><\/td>\n<\/tr>\n<tr style=\"height: 24px;\">\n<td style=\"width: 225px; height: 24px; text-align: left; vertical-align: middle;\"><a href=\"https:\/\/vs-st-kanzian.ksn.at\/?cat=236\" target=\"_blank\" rel=\"noopener\">Schuljahr 2022\/23<\/a><\/td>\n<td style=\"width: 225px; height: 24px; text-align: left; vertical-align: middle;\"><a href=\"https:\/\/vs-st-kanzian.ksn.at\/?cat=235\" target=\"_blank\" rel=\"noopener\">Schuljahr 2023\/24<\/a><\/td>\n<td style=\"width: 225px; height: 24px; vertical-align: middle;\"><a href=\"https:\/\/vs-st-kanzian.ksn.at\/?cat=268\" target=\"_blank\" rel=\"noopener\">Schuljahr 2024\/25<\/a><\/td>\n<td style=\"width: 225px; height: 24px;\"><a href=\"https:\/\/vs-st-kanzian.ksn.at\/?cat=302\" target=\"_blank\" rel=\"noopener\">Schuljahr 2025\/26<\/a><\/td>\n<\/tr>\n<\/tbody>\n<\/table>\n<p>Auch im Internet gibt es viel Wissenswertes und Interessantes zu diesem Thema.<br \/>\nAuf der Seite <a href=\"https:\/\/vs-st-kanzian.ksn.at\/?page_id=372\" target=\"_blank\" rel=\"noopener\">K\u00d6RPER UND GESUNDHEIT<\/a> findest du einige Links, die dir beim Suchen helfen!<\/p>\n","protected":false},"excerpt":{"rendered":"<p>In Zusammenarbeit mit der SERVICE STELLE GESUNDE SCHULE der\u00a0\u00d6STERREICHISCHEN GESUNDHEITSKASSE starteten wir an der VS St. Kanzian am Klopeiner See im Schuljahr 2013\/14 das Schulprojekt \u201eGesundheit macht Schule\u201c. Vor dem Computer und dem Fernseher sitzen, auf dem Handy spielen, Chips<\/p>\n","protected":false},"author":1,"featured_media":491,"parent":0,"menu_order":175,"comment_status":"closed","ping_status":"open","template":"","meta":{"footnotes":""},"class_list":["post-488","page","type-page","status-publish","has-post-thumbnail","hentry"],"_links":{"self":[{"href":"https:\/\/vs-st-kanzian.ksn.at\/index.php?rest_route=\/wp\/v2\/pages\/488","targetHints":{"allow":["GET"]}}],"collection":[{"href":"https:\/\/vs-st-kanzian.ksn.at\/index.php?rest_route=\/wp\/v2\/pages"}],"about":[{"href":"https:\/\/vs-st-kanzian.ksn.at\/index.php?rest_route=\/wp\/v2\/types\/page"}],"author":[{"embeddable":true,"href":"https:\/\/vs-st-kanzian.ksn.at\/index.php?rest_route=\/wp\/v2\/users\/1"}],"replies":[{"embeddable":true,"href":"https:\/\/vs-st-kanzian.ksn.at\/index.php?rest_route=%2Fwp%2Fv2%2Fcomments&post=488"}],"version-history":[{"count":117,"href":"https:\/\/vs-st-kanzian.ksn.at\/index.php?rest_route=\/wp\/v2\/pages\/488\/revisions"}],"predecessor-version":[{"id":19515,"href":"https:\/\/vs-st-kanzian.ksn.at\/index.php?rest_route=\/wp\/v2\/pages\/488\/revisions\/19515"}],"wp:featuredmedia":[{"embeddable":true,"href":"https:\/\/vs-st-kanzian.ksn.at\/index.php?rest_route=\/wp\/v2\/media\/491"}],"wp:attachment":[{"href":"https:\/\/vs-st-kanzian.ksn.at\/index.php?rest_route=%2Fwp%2Fv2%2Fmedia&parent=488"}],"curies":[{"name":"wp","href":"https:\/\/api.w.org\/{rel}","templated":true}]}}